{"id":10,"date":"2013-02-07T21:29:32","date_gmt":"2013-02-07T21:29:32","guid":{"rendered":"http:\/\/astro.oz6bl.dk\/?page_id=10"},"modified":"2020-01-29T19:51:46","modified_gmt":"2020-01-29T18:51:46","slug":"baggrund","status":"publish","type":"page","link":"https:\/\/www.baggerastro.dk\/?page_id=10","title":{"rendered":"Baggrund"},"content":{"rendered":"<p>&nbsp;<\/p>\n<p><span style=\"font-family: verdana, geneva; font-size: small;\"><a href=\"https:\/\/www.baggerastro.dk\/?page_id=62\"><strong>Hvem er jeg ? &nbsp; &nbsp; &nbsp;<\/strong> &nbsp; &nbsp; &nbsp; <\/a><\/span>L\u00e6s kort om min baggrund<\/p>\n<p><span style=\"font-family: verdana, geneva; font-size: small;\"><strong><a href=\"https:\/\/www.baggerastro.dk\/?page_id=63\">Mit udstyr:&nbsp;<\/a> <\/strong>&nbsp; &nbsp;&nbsp;<\/span><span style=\"font-family: verdana, geneva; font-size: small;\">Se en listing af de kikkerter, som jeg har brugt og stadig bruger til astronomiske observertaioner.<\/span><\/p>\n<p><span style=\"font-size: small; font-family: verdana, geneva;\"><strong><a href=\"https:\/\/www.baggerastro.dk\/?page_id=516\">Hvordan observerer jeg:<\/a><\/strong>&nbsp; &nbsp;F\u00e5 lidt indblik i, hvordan astronomien har udviklet sig for mig og hvilke stjernekort jeg bruger til at finde objekter med.<\/span><\/p>\n<p><span style=\"font-family: verdana, geneva; font-size: small;\"><a href=\"https:\/\/www.baggerastro.dk\/?page_id=65\"><strong>At observere med en 20&#8243;:<\/strong><\/a>&nbsp; &nbsp;Dette er en detaljeret gennemgang (p\u00e5 engelsk) over valget af min store kikkert og beskrivelse af de gode s\u00e5vel som d\u00e5rlige oplevelser jeg har haft med kikkerten.<\/span><\/p>\n<p><span style=\"font-family: verdana, geneva; font-size: small;\"><strong><a href=\"https:\/\/www.baggerastro.dk\/?page_id=66\">Foredrag<\/a> :<\/strong>&nbsp; &nbsp;Her kan du se slides fra de foredrag, som jeg har holdt.<\/span><\/p>\n<p><span style=\"font-family: verdana, geneva; font-size: small;\"><strong><a href=\"https:\/\/www.baggerastro.dk\/?page_id=67\">Nyttige links<\/a> :&nbsp;<\/strong> &nbsp; Her er en r\u00e6kke links relateret til praktisk amat\u00f8rastronomi og til at at v\u00e6re ud\u00f8vende amat\u00f8r.<\/span><\/p>\n","protected":false},"excerpt":{"rendered":"<p>&nbsp; Hvem er jeg ? &nbsp; &nbsp; &nbsp; &nbsp; &nbsp; &nbsp; L\u00e6s kort om min baggrund Mit udstyr:&nbsp; &nbsp; &nbsp;&nbsp;Se en listing af de kikkerter, som jeg har brugt og stadig bruger til astronomiske observertaioner. Hvordan observerer jeg:&nbsp; &nbsp;F\u00e5 lidt indblik i, hvordan astronomien har udviklet sig for mig og \u2026 <a class=\"continue-reading-link\" href=\"https:\/\/www.baggerastro.dk\/?page_id=10\"> Continue reading <span class=\"meta-nav\">&rarr; <\/span><\/a><\/p>\n","protected":false},"author":1,"featured_media":0,"parent":0,"menu_order":4,"comment_status":"closed","ping_status":"closed","template":"","meta":{"ngg_post_thumbnail":0,"footnotes":""},"class_list":["post-10","page","type-page","status-publish","hentry"],"_links":{"self":[{"href":"https:\/\/www.baggerastro.dk\/index.php?rest_route=\/wp\/v2\/pages\/10","targetHints":{"allow":["GET"]}}],"collection":[{"href":"https:\/\/www.baggerastro.dk\/index.php?rest_route=\/wp\/v2\/pages"}],"about":[{"href":"https:\/\/www.baggerastro.dk\/index.php?rest_route=\/wp\/v2\/types\/page"}],"author":[{"embeddable":true,"href":"https:\/\/www.baggerastro.dk\/index.php?rest_route=\/wp\/v2\/users\/1"}],"replies":[{"embeddable":true,"href":"https:\/\/www.baggerastro.dk\/index.php?rest_route=%2Fwp%2Fv2%2Fcomments&post=10"}],"version-history":[{"count":38,"href":"https:\/\/www.baggerastro.dk\/index.php?rest_route=\/wp\/v2\/pages\/10\/revisions"}],"predecessor-version":[{"id":2406,"href":"https:\/\/www.baggerastro.dk\/index.php?rest_route=\/wp\/v2\/pages\/10\/revisions\/2406"}],"wp:attachment":[{"href":"https:\/\/www.baggerastro.dk\/index.php?rest_route=%2Fwp%2Fv2%2Fmedia&parent=10"}],"curies":[{"name":"wp","href":"https:\/\/api.w.org\/{rel}","templated":true}]}}