{"id":1442,"date":"2014-04-29T22:16:59","date_gmt":"2014-04-29T21:16:59","guid":{"rendered":"http:\/\/www.baggerastro.dk\/?page_id=1442"},"modified":"2020-01-29T17:51:29","modified_gmt":"2020-01-29T16:51:29","slug":"astrovideo","status":"publish","type":"page","link":"https:\/\/www.baggerastro.dk\/?page_id=1442","title":{"rendered":"Astrovideo"},"content":{"rendered":"<h1>&nbsp;\u2013 et alternativ til visuelle observationer ?<\/h1>\n<p><em><span style=\"color: #000000; font-size: 1.8em; line-height: 1.5em;\">fortalt af Claus Bagger og&nbsp;Flemming Andreassen&nbsp;<\/span><\/em><\/p>\n<p>N\u00e5r man observerer visuelt er det i h\u00f8j grad en naturoplevelse og en \u00e6stetisk oplevelse, hvor nattehimlen, ens teleskop, ens syn og observationserfaring tilsammen definerer, hvilke objekter man kan observere og hvordan man opfatter dem. Men uanset hvor erfaren man er som observat\u00f8r, s\u00e5 vil de fleste svage deep sky-objekter&nbsp; -sat p\u00e5 spidsen- opfattes som gr\u00e5lige t\u00e5gede klatter med mere eller mindre struktur, selv n\u00e5r man observerer dem med indirekte syn. Det at ens sanser presses til det yderste sammen med den \u00e6stetisk smukke oplevelse af at st\u00e5 og se objekterne med egne \u00f8jne, er det, som g\u00f8r visuel astronomi til noget s\u00e6rligt.<\/p>\n<p>Mange visuelle observat\u00f8rer har pr\u00f8vet at have observeret meget sp\u00e6ndende, men svage objekter, f.eks. galaksehobe i Virgo. Selv p\u00e5 de allerklareste n\u00e6tter kan man m\u00e5ske opfatte objekter ned til ca 16. st\u00f8rrelsesklasse med en 20\u201d kikkert. Dermed er man i gr\u00e6nseomr\u00e5det for, hvad der kan kaldes at observere og konstaterer at man overhovedet har opfattet et objekt.<\/p>\n<p>Det er ved at v\u00e6re en del \u00e5r siden at de f\u00f8rste s\u00e5kaldte low-light videokameraer kom p\u00e5 markedet, kameraer dedikeret specielt til astronomisk brug. I fl\u00e6ng kan n\u00e6vnes: Astrovid Stellacam, Gstar og Mallincam.<\/p>\n<p>En stor del af de amat\u00f8rastronomer, der anskaffer sig et low-light kamera benytter det sammen med et mindre EQ- eller gaffelmonteret teleskop med pr\u00e6cis tracking. Det er de f\u00e6rreste, der v\u00e6lger at anskaffe et s\u00e5dan videokamera for at benytte det sammen med en Dobsonian kikkert, som jo er specielt beregnet til visuelle observationer.<\/p>\n<p>Denne artikel fort\u00e6ller om to personers oplevelser med to af tidens hotte produkter : MallimCam Universe og MallimCam Extreme kameraerne. Fort\u00e6llingen tager udgangspunkt i to visuelle observat\u00f8rers erfaringer p\u00e5 godt og ondt og giver et indspark i diskussionen om, hvad man som observat\u00f8r gerne vil have ud af en aftens anstrengelser sammen med sit udstyr. Vi er begge i besiddelse af en Obsession 20\u201d F\/5 kikkert. Vores tilgang har derfor ogs\u00e5 v\u00e6ret at vurdere, hvorvidt disse kameraer kan supplere vores v\u00e6rkt\u00f8jer som visuelle observat\u00f8rer eller om kameraerne \u201dblot\u201d skal betragtes som gimicks til den store hob af kameraer, som allerede findes til astrofotografering.<\/p>\n<p>Claus observerer fra Birker\u00f8d, ca. 2 km nord for centrum af byen og har en visuel gr\u00e6nsest\u00f8rrelsesklasse p\u00e5 omkring 6m2 fra dette sted. Han har benyttet MallimCam Universe.<\/p>\n<p>Flemming observerer fra Brorfelde, som jo er kendt for sit tidligere professionelle observatorium t\u00e6t p\u00e5 sit hjem. Stedet h\u00e9r er dejligt m\u00f8rkt og frembyder n\u00e6tter med en gr\u00e6nsest\u00f8rrelsesklasse p\u00e5 6m7. Flemming fort\u00e6ller om Mallimcam Extreme.<\/p>\n<p>Nedenfor gennemg\u00e5s vores erfaringer med hvert af disse kameraer, som begge i \u00f8vrigt ejes af Flemming.<\/p>\n<p>&nbsp;<\/p>\n<h1><b>Generelt om brug af MallinCam kameraerne<\/b><\/h1>\n<p>Begge kameraer kr\u00e6ver 12 V str\u00f8mforsyning med minimum 3A, hvilket alts\u00e5 kr\u00e6ver en kraftig str\u00f8mforsyning, som vist til h\u00f8jre. Dette kan give visse udfordringer i.f.m skift fra eet objekt til det n\u00e6ste, hvor man skal sikre sig, at ledningen er lang nok til hoppet fra det ene objekt til det n\u00e6ste. Det lyder banalt, men i Claus\u2019 tilf\u00e6lde bet\u00f8d det, at han forsigtigt skulle k\u00f8re fra eet objekt til det n\u00e6ste og s\u00f8rge for at flytte den tunge str\u00f8mforsyning undervejs, da hans ledning ikke var s\u00e6rlig lang.<\/p>\n<p>Synsfeltet p\u00e5 begge kameraer er s\u00e5 lille, at det ikke er praktisk muligt at foretage en GO-TO som p\u00e5 normalt vis til visuelt brug. Derfor er man n\u00f8dt til at bruge et okular ved skift til et nyt objekt, og det er en besv\u00e6rlig proces ved manuel fokusering.<\/p>\n<p>&nbsp;<\/p>\n<h1><b>MallinCam Universe \u2013 fortalt af Claus<\/b><\/h1>\n<p>Kameraet er vist nedenfor sammen med et 31 mm Nagler okular for at vise st\u00f8rrelsesforholdet. De detaljerede specifikationer p\u00e5 dette kamera kan ses h\u00e9r. Kort fortalt, s\u00e5 har kameraet en meget stor sensor p\u00e5 25,1&#215;17,64 mm med 6 millioner pixels. Kameraet har v\u00e6ret p\u00e5 markedet siden 2012. Via et simpelt program kan man styre kameraets funktioner, s\u00e5om eksponeringstider, forst\u00e6rkning (gain), kontrast og farvebalance. Den korteste eksponeringstid er 2 sekunder og der er ingen \u00f8vre gr\u00e6nse for, hvor lang tid man kan optage billeder over.<\/p>\n<p><img loading=\"lazy\" decoding=\"async\" class=\"alignright\" src=\"\/wp-content\/uploads\/2014\/04\/_d_improd_\/_d_improd_\/mcuniverse1_f_improf_256x193_f_improf_256x193.jpg\" alt=\"MallinCam Universe kamera\" width=\"256\" height=\"193\" data-mce-width=\"256\" data-mce-height=\"193\"><\/p>\n<p><img loading=\"lazy\" decoding=\"async\" src=\"\/wp-content\/uploads\/2014\/04\/_d_improd_\/_d_improd_\/MallimCam_f_improf_345x194_f_improf_345x194.jpg\" alt=\"Str\u00f8mforsyning sammen med MallinCam Universe og et 31 mm Nagler okular til sammenligning.\" width=\"345\" height=\"194\" data-mce-width=\"345\" data-mce-height=\"194\"><\/p>\n<p>&nbsp;<\/p>\n<p>Via programmet t\u00e6ndes kameraet, og billedet opdateres s\u00e5 for hver ny eksponeringstid. Ved eksempelvis at stille eksponeringstiden p\u00e5 2 sekunder og maksimal forst\u00e6rkning, s\u00e5 kan man fokusere kameraet, da de klareste stjerner ses. For at f\u00e5 billedet helt skarpt, s\u00e5 skal man dog v\u00e6re utrolig forsigtig med finjusteringen p\u00e5 sin Feathertouch (10:1) fokuser.<\/p>\n<p>&nbsp;<\/p>\n<h2><b>Brug af MallinCam Universe<\/b><\/h2>\n<p>N\u00e5r billedet er skarpt, s\u00e5 kan man g\u00e5 op i eksponeringstid og ned i forst\u00e6rkning. Det er vigtigt, at man g\u00e5r s\u00e5 langt ned i forst\u00e6rkning, at billedet bliver passende m\u00f8rkt og j\u00e6vnt (uden forstyrrende forst\u00e6rkningsstreger).<\/p>\n<p>P.g.a. sin store sensor, s\u00e5 er hvert enkelt pixelelement i kameraet meget lille (7,8 um) og derfor mindre lysf\u00f8lsomt end MallimCam Extreme kameraet. Dette kan der delvist kompenseres for ved at binne (samle) eksempelvis 4&#215;4 pixels til eet element, s\u00e5 eksponeringstiden bliver 4 gange kortere. Opl\u00f8sningen af billedet bliver s\u00e5 tilsvarende 4&#215;4 gange ringere.<\/p>\n<p><img loading=\"lazy\" decoding=\"async\" class=\"alignright\" title=\"M57 med 2XPowermate, F3,3 reducer, 90 sekund.\" src=\"\/wp-content\/uploads\/2014\/04\/_d_improd_\/_d_improd_\/M57-MallimCam-Universe_f_improf_316x281_f_improf_316x281.jpg\" alt=\"M57\" width=\"316\" height=\"281\" data-mce-width=\"316\" data-mce-height=\"281\">Der ses n\u00e6sten ingenting p\u00e5 billedet ved en eksponeringstid p\u00e5 10 sekunder. P\u00e5 30 sekunder f\u00e5r man et udm\u00e6rket indtryk af objektet, men man skal op p\u00e5 1 minut eller mere f\u00f8r det begynder at g\u00f8re indtryk. Ved 1\u00bd min. lod det p\u00e5 en fuldm\u00e5nenat (!) sig g\u00f8re at n\u00e5 en gr\u00e6nsest\u00f8rrelse p\u00e5 17,3. st\u00f8rrelsesklasse, hvilket er ca. en halv st\u00f8rrelsesklasse svagere end, hvad Claus visuelt kan se p\u00e5 en m\u00e5nel\u00f8s nat. Her kan man ogs\u00e5 se flere og svagere detaljer end visuelt, som eksemplet med M57 viser.<\/p>\n<p>Et udsnit af billedet af M57 ses til h\u00f8jre med imponerende r\u00f8de og gr\u00f8nne farver og en relativ markant centralstjerne. Selv den svagere stjerne ved siden af centralstjernen kan meget svagt ses.<\/p>\n<p>Det var selv i vindstille vejr ikke praktisk muligt at opn\u00e5 skarpe billeder ved eksponeringstider over 1\u00bd min. Kikkertens tracking er simpelthen ikke god nok.<\/p>\n<p>Billedet af M56 nedenfor viser, at man f\u00e5r et d\u00e5rligt indtryk af en kugleformet stjernehob, hvis billedet ikke er skarpt. NGC6888 er heller ikke imponerende, og billedet er d\u00e5rligere end, hvad b\u00e5de Flemming og Claus visuelt har set fra det meget m\u00f8rke Avn\u00f8. Synsfeltet er omkring 27,5x 40 bueminutter stort med brug af reducer og uden PowerMate (effektivt F3,3).<\/p>\n<table style=\"border-color: #1313eb; border-width: 0px;\" border=\"0\" frame=\"border\" align=\"center\">\n<tbody>\n<tr>\n<td><img loading=\"lazy\" decoding=\"async\" src=\"\/wp-content\/uploads\/2014\/04\/_d_improd_\/_d_improd_\/M56-MallimCam-Universe_f_improf_184x163_f_improf_184x163.jpg\" alt=\"\" width=\"184\" height=\"163\" data-mce-width=\"184\" data-mce-height=\"163\"><em><strong>M56<\/strong>, 2XPowermate, 2&#215;2 bin, 1\u00bd min. med F3,3 reducer.<\/em><\/td>\n<td><img loading=\"lazy\" decoding=\"async\" src=\"\/wp-content\/uploads\/2014\/04\/_d_improd_\/_d_improd_\/NGC6888-MallimCam-Universe_f_improf_171x155_f_improf_171x155.jpg\" alt=\"\" width=\"171\" height=\"155\" data-mce-width=\"171\" data-mce-height=\"155\"><em><strong>NGC6888<\/strong>, 2&#215;2 bin, 1\u00bd min. uden F3,3 reducer<\/em><\/td>\n<td><img loading=\"lazy\" decoding=\"async\" src=\"\/wp-content\/uploads\/2014\/04\/_d_improd_\/_d_improd_\/M65-MallimCam-Universe_f_improf_162x173_f_improf_162x173.jpg\" alt=\"\" width=\"162\" height=\"173\" data-mce-width=\"162\" data-mce-height=\"173\"><em><strong>M65<\/strong> , 2XPowermate, 4&#215;4 bin, 30 sek. med F3,3 reducer.<\/em><\/td>\n<\/tr>\n<tr>\n<td><img loading=\"lazy\" decoding=\"async\" src=\"\/wp-content\/uploads\/2014\/04\/_d_improd_\/_d_improd_\/M82-MallimCam-Universe_f_improf_185x123_f_improf_185x123.jpg\" alt=\"\" width=\"185\" height=\"123\" data-mce-width=\"185\" data-mce-height=\"123\"><em><strong>M82,<\/strong>&nbsp;2XPowermate, 4&#215;4 bin, 30 sek. med F3,3 reducer.<\/em><\/td>\n<td><img loading=\"lazy\" decoding=\"async\" src=\"\/wp-content\/uploads\/2014\/04\/_d_improd_\/_d_improd_\/M82-Mallim-Universe-2min_f_improf_172x124_f_improf_172x124.jpg\" alt=\"\" width=\"172\" height=\"124\" data-mce-width=\"172\" data-mce-height=\"124\"><em><strong>M82,&nbsp;<\/strong>2XPowermate, 4&#215;4 bin, 120 sek. med F3,3 reducer.<\/em><\/td>\n<td><img loading=\"lazy\" decoding=\"async\" src=\"\/wp-content\/uploads\/2014\/04\/_d_improd_\/_d_improd_\/M66-MallimCam-Universe_f_improf_136x161_f_improf_136x161.jpg\" alt=\"\" width=\"136\" height=\"161\" data-mce-width=\"136\" data-mce-height=\"161\"><em><strong>M66<\/strong>, 2XPowermate, 4&#215;4 bin, 30 sek. med F3,3 reducer.<\/em><\/td>\n<\/tr>\n<\/tbody>\n<\/table>\n<p>&nbsp;<\/p>\n<h1>MallimCam Extreme \u2013 fortalt af Flemming<\/h1>\n<p>Grunden til at jeg valgte netop dette kamera fremfor andre konkurrerende m\u00e6rker var<\/p>\n<p>1)&nbsp;&nbsp;&nbsp; Selve den liveoplevelse<b>,<\/b> der er mulig med dette kamera, da billedet af det objekt man fotograferer fornyer sig selv konstant afh\u00e6ngigt af eksponeringstiden.<\/p>\n<p>2)&nbsp;&nbsp;&nbsp; Den ekstreme lysf\u00f8lsomhed, selv i farver.<\/p>\n<p>3)&nbsp;&nbsp;&nbsp; Den lille chipst\u00f8rrelse, som g\u00f8r det perfekt til mindre objekter.<\/p>\n<p>4)&nbsp;&nbsp;&nbsp; Det meget seri\u00f8se community bagved kameraet (meget dygtige og hj\u00e6lpsomme personer)<\/p>\n<p>5)&nbsp;&nbsp;&nbsp; Kameraet kan opgraderes. Faktisk var kameraet oprindelig leveret som en model kaldet Mallincam Hyper Plus Color, men som mod en rimelig betaling blev opgraderet til den nyeste model Mallincam Extreme.<\/p>\n<p><img loading=\"lazy\" decoding=\"async\" class=\"alignright\" src=\"\/wp-content\/uploads\/2014\/04\/_d_improd_\/_d_improd_\/Mallincam_Extreme_f_improf_290x217_f_improf_290x217.jpg\" alt=\"\" width=\"290\" height=\"217\" data-mce-width=\"290\" data-mce-height=\"217\">Netop den omtalte liveoplevelse er den vigtigste ting at n\u00e6vne, da visuel astronomi om noget kan defineres som en liveoplevelse, og at v\u00e6re \u00e9t med universet. N\u00e5r man ud\u00f8ver traditionel CCD-fotografering har man i virkeligheden placeret et \u201dfilter\u201d og en \u201dforsinkelsesfaktor\u201d imellem teleskopet og sig selv. Man ser ofte f\u00f8rst resultatet af sine anstrengelser efter at have pakket sammen for natten.<\/p>\n<p>Jeg mener, at man som visuel observator kan have meget stor gavn af videoastronomi, da et Mallincam p\u00e5 10-30 sekunders eksponering kan vise objekter svagere end 19. st\u00f8rrelsesklasse og det i farver. Dermed er det muligt optage smukke billeder af galaksehobe med en detaljeringsgrad, som man slet ikke kommer i n\u00e6rheden af visuelt.<\/p>\n<p>N\u00e5r jeg skriver \u201dsmukke billeder\u201d er det ikke disse h\u00f8jopl\u00f8ste glansbilled-agtige motiver der er kraftigt billedbehandlede, som jeg t\u00e6nker p\u00e5. Som visuel observat\u00f8r er det den umiddelbare, ubehandlede og bedst mulige optagelse af objektet, der t\u00e6ller.<\/p>\n<p>ngg_shortcode_0_placeholderDet er ogs\u00e5 muligt at gemme dato\/tid, kameraindstillinger og navn p\u00e5 objektet, som et overlay p\u00e5 billedet. Udfra ovenst\u00e5ende billede kan man se, at det er eksponeret i 30 sekunder(30s) i Hypermode(X128)&nbsp; og med middel forst\u00e6rkning (M4). Som det ses er stjernerne ikke helt runde, da en Obsession ikke er et fotografisk instrument.<\/p>\n<p>For mig er det ikke billedets fotografiske kvalitet der er allervigtigst, men de detaljer som kan ses i objektet.<\/p>\n<p>Da billedet p\u00e5 sk\u00e6rmen hele tiden fornys, s\u00e5 vil man kunne dele sine observationer med en gruppe af mennesker samtidigt. Derved har man mulighed for at forklare hvad det er de ser p\u00e5 sk\u00e6rmen, og dette er en stor fordel, f.eks. ved fortovsastronomi.<\/p>\n<p>&nbsp;<\/p>\n<h2><b>Brug af MallimCam Extreme<\/b><\/h2>\n<p>1)&nbsp;&nbsp;&nbsp; Du skal l\u00e6re at fokusere med dit kamera mens det sidder p\u00e5 teleskopet. Faktisk var det en af de mest udfordrende ting, n\u00e5r man st\u00e5r p\u00e5 en stige og drejer p\u00e5 fokusknappen samtidig med at man drejer nakken af led for at f\u00e5 et glimt af billedet p\u00e5 PC-sk\u00e6rmen. Jeg tog konsekvensen og investerede i en motorfokus-enhed, hvilket l\u00f8ste alle fokus-problemer.<\/p>\n<p>2)&nbsp;&nbsp;&nbsp; For mig er det vigtigt, at der er styr p\u00e5 kablerne i m\u00f8rket. Derfor har jeg monteret et PC-podium direkte p\u00e5 min Obsession, s\u00e5 PC\u2019en k\u00f8rer med rundt sammen med teleskopet. Derved er der ingen andre kabler end str\u00f8mkablet man kan skvatte over i m\u00f8rket.<\/p>\n<p>3)&nbsp;&nbsp;&nbsp; H\u00e5ndtering af dug p\u00e5 sekund\u00e6rspejlet er endnu vigtigere ved videoastronomi end ved visuelle observationer, da eksponeringstiden stiger eksponentielt ved dug p\u00e5 spejlet.<\/p>\n<p>4)&nbsp;&nbsp;&nbsp; Man skal observere med lavest mulige anvendelige br\u00e6ndvidde-forhold, da dette har en positiv effekt p\u00e5 eksponeringstiden. F.eks. k\u00f8rer jeg med et f-forhold&nbsp; p\u00e5 3,3 vha. en reducer p\u00e5 Mallincam.<\/p>\n<p>ngg_shortcode_1_placeholderJeg opfatter mere mit Mallincam som et \u201dokular med forst\u00e6rker\u201d, som jeg kan v\u00e6lge at bruge de gange hvor jeg gerne vil have flere detaljer i mine observationer.<\/p>\n<p>Nogle visuelle observat\u00f8rer v\u00e6lger at tegne deres observationer i h\u00e5nden med blyant og papir, og finder stor tilfredsstillelse ved dette. Da jeg ikke selv mener at have disse evner, s\u00e5 ser jeg videoastronomi som min mulighed for at gemme og dele nogle af de observationer, som jeg har lavet. Billederne fort\u00e6ller jo en historie, som man har gl\u00e6de af lang tid efter. Det er muligt at se om der har v\u00e6ret god\/d\u00e5rlig seeing, bl\u00e6st\/vindstille, samt hvilke indstillinger, der er brugt p\u00e5 kameraet. Dette synes jeg personligt er meget tilfredsstillende.<\/p>\n<p>For de inkarnerede selvtegnende observat\u00f8rer vil det nok v\u00e6re et stort (for stort?) paradigmeskift at skulle bytte en tegning ud med et sk\u00e6rmdump.<\/p>\n<p>Claus n\u00e6vner det besv\u00e6rlige i at skifte imellem kamera og okular i forbindelse med GO-TO og fokusering p\u00e5 nyt objekt. Her fandt jeg ud af at l\u00e5se fokuseringsenheden i kameraets fokuspunkt. N\u00e5r jeg har brug for at placere et nyt objekt i synsfeltet bruger jeg et vidvinkel-okular som manuelt kan \u201dgrov-fokusere\u201d ved manuelt at skubbe\/tr\u00e6kke det i fokus. Herefter er det blot at placere det nye objekt i midten af synsfeltet i okularet, og skifte over til kameraet igen.<\/p>\n<p>Nogle observat\u00f8rer vil m\u00e5ske have den holdning at videoastronomi blot er en anden m\u00e5de at lave astrofotografering p\u00e5. Til dem siger jeg, at gr\u00e6nserne er flydende, og at astrovideo kan forme sig efter \u00f8nsker og behov. Der er intet til hinder for at lave dark- og flatframes, samt eksponerer i samlet 70 minutter p\u00e5 det samme objekt for herefter at stacke alle frames til et samlet superbillede. Faktisk er der en del astrovideo-n\u00f8rder som synes, at det er udfordrende at teste gr\u00e6nserne for deres udstyr. Nedenst\u00e5ende billeder er af M27 (7.5 timers eksponering med MallimCam Universe) og M51 (1 times eksponering med MallinCap Extreme), og viser, hvor langt man kan komme med et 10\u201d teleskop samt et Mallincam kamera. Begge billeder er optaget af Chris Appleton fra Canada, som er en inkarneret Mallincam bruger og dygtig astrofotograf.<\/p>\n<table style=\"border: 0px solid #0106fd;\" border=\"0\" frame=\"border\" align=\"left\">\n<tbody>\n<tr>\n<td>ngg_shortcode_2_placeholder<em><strong>M27<\/strong>, 7,5 time med Mallincam Universe<\/em><\/td>\n<td>ngg_shortcode_3_placeholder<em><strong>M51<\/strong>, 1 times eksponering med MallinCam Extreme<\/em><\/td>\n<\/tr>\n<\/tbody>\n<\/table>\n<p>Hvis du som jeg blot er en visuel observat\u00f8r, er videoastronomi den mest sp\u00e6ndende fornyelse, der sket for vores hobby siden GOTO-teleskopets ankomst. Du har nu mulighed for at observere objekter der i virkeligheden ligger udenfor dit teleskops r\u00e6kkevidde, og det \u00f8ger i den grad v\u00e6rdien af dit instrument.<\/p>\n<p>Man f\u00f8ler virkelig, at alle universets objekter ligger inden for observationsr\u00e6kkevidde. Hvis man gemmer de r\u00e5 frames f\u00e5r man ogs\u00e5 et resultat, der ligger t\u00e6ttere p\u00e5 den visuelle oplevelse, som du ville have haft uden kamera.<\/p>\n<p>Hvis man er interesseret i det, s\u00e5 er det muligt at lave automatisk billedbehandling (v.h.a. darkframes, stacking, og histogram), som sker mens du observerer billedet p\u00e5 sk\u00e6rmen blive mere og mere detaljeret. Men en n\u00e6rmere beskrivelse ligger uden for rammerne af denne artikel.<\/p>\n<p>Faktisk kan Mallincam ogs\u00e5 observere andre objekter end deep-sky. B\u00e5de solen igennem H-Alpha samt m\u00e5nen og planeterne optager den ganske glimrende i b\u00e5de enkelt-frames og video-filer.<\/p>\n<p>Et lowlight videokamera som Mallincam Extreme&nbsp; koster ca 1.900 USD d.v.s. ca 15.000 Dkr. Der findes heldigvis billigere alternativer hvor man p\u00e5 bekostning af fleksibilitet og eksponeringstid alligevel kan f\u00e5 et velfungerende lowlight videokamera. F.eks. koster et Mallincam Jr Pro ca. 600 USD, d.v.s. ca 5.000 Dkr.<\/p>\n<p>Se mere her vedr. udvalget af Mallincam kameraer: <a href=\"http:\/\/mallincam.tripod.com\/id52.html\">http:\/\/mallincam.tripod.com\/id52.html<\/a><\/p>\n<p><b style=\"font-size: 16px;\">&nbsp;<\/b><\/p>\n<h2>Eksempler p\u00e5 Mallincam Extreme-observationer<\/h2>\n<p>Nu f\u00f8lger nogle billedeksempler, som alle er observeret fra enten Brorfelde eller Avn\u00f8 igennem jegs 20\u201d Obsession. Alle nedenst\u00e5ende billeder er de rene r\u00e5frames uden efterbehandling.<\/p>\n<table style=\"border: 1px solid #ffffff;\" border=\"1\" frame=\"border\" align=\"center\">\n<tbody>\n<tr>\n<td><em><strong>ngg_shortcode_4_placeholderM51,&nbsp;<\/strong>&nbsp; 50 sekunder<\/em><\/td>\n<td><em><strong>ngg_shortcode_5_placeholderM82<\/strong>, 10 sekunder<\/em><\/td>\n<\/tr>\n<tr>\n<td><em><strong>ngg_shortcode_6_placeholderM27<\/strong>, 15 sekunder<\/em><\/td>\n<td><em><strong>ngg_shortcode_7_placeholderNGC4490<\/strong>, 28 sekunder<\/em><\/td>\n<\/tr>\n<tr>\n<td><em><strong>ngg_shortcode_8_placeholderM64<\/strong>, 20 sekunder<\/em><\/td>\n<td><em><strong>ngg_shortcode_9_placeholderM104<\/strong>, 30 sekunder<\/em><\/td>\n<\/tr>\n<\/tbody>\n<\/table>\n<p>&nbsp;<\/p>\n<p>&nbsp;<\/p>\n<h1><b>Konklusion<\/b><\/h1>\n<p>Vi har pr\u00e6senteret to af tidens varme emner, MallimCam kameraerne Universe og Extreme. Da vi begge hovedsageligt er s\u00e5kaldte \u201dvisuelle observat\u00f8rer\u201d, s\u00e5 har vi lagt v\u00e6gt p\u00e5 at unders\u00f8ge, hvorvidt de to kameraer er i stand til at supplere ens visuelle observationer eller om kameraerne mere skal betragtes som forenklede fotoapparater.<\/p>\n<p>Som det fremg\u00e5r af ovenst\u00e5ende pr\u00e6sentation, s\u00e5 er der forskel i egenskaberne ved de to kameraer, selvom de begge er meget lysf\u00f8lsomme. Universe har et stort synsfelt p.g.a. den store chipst\u00f8rrelse, og selvom de enkelte pixels kan samles (binnes), s\u00e5 er kameraet&nbsp; mindre lysf\u00f8lsomt end Extreme kameraet.<\/p>\n<p>Claus\u2019 samlede konklusion p\u00e5 hans anstrengelser med MallinCam Universe er, at man skal eksponere 1\u00bd min. eller mere for at fange detaljer, som er bedre end, hvad man visuelt kan se igennem Obsessionen. For at kunne g\u00f8re dette, s\u00e5 kr\u00e6ver det helt vindstille forhold, da vinden meget let tager fat i dugen rundt om kikkerten.<\/p>\n<p>Alt i alt synes Claus ikke, at oplevelsen rent \u00e6stetisk kommer i n\u00e6rheden af den \u00e6stetiske oplevelse, som man f\u00e5r ved at kikke visuelt. For at fornemme dette st\u00e6rkest muligt, s\u00e5 pr\u00f8vede han at lave tegninger af M65 og M66 efter at have fotograferet dem, og for ham var det var en helt anden oplevelse.<\/p>\n<p>Som det fremg\u00e5r af Flemmings beskrivelser, &nbsp;s\u00e5 er Mallincam Extreme et yderst fleksibelt apparat, som g\u00f8r at de visuelle observat\u00f8rer f\u00e5r et kompetent \u201delektronisk v\u00e6rkt\u00f8j\u201d som giver mulighed for at observere objekter, der ligger udenfor deres instruments normale form\u00e5en. Alle optagelser har det tilf\u00e6ldes at man sidder med en \u201dlivef\u00f8lelse\u201d, som netop er det der er essensen i visuel astronomi. De fleste objekter fanges fint ved optagelser kortere end 60 sekunder, hvorved \u201dlive-fornemmelsen\u201d bibeholdes. Derfor mener Flemming, at man skal se videoastronomi som et sp\u00e6ndende supplement og nyskabelse til de visuelle observationer. Med et Mallincam f\u00e5r man p\u00e5 grund af de meget korte eksponeringstider en f\u00f8lelse af at observere fremfor at fotografere.<\/p>\n<p>Billederne som Flemming optager fort\u00e6ller en historie, som han har gl\u00e6de af lang tid efter.&nbsp; Flemming bruger billederne som en observationslog over tidligere observationer:&nbsp; god\/d\u00e5rlig seeing, bl\u00e6st\/vindstille, samt hvilke indstillinger der blev brugt p\u00e5 Mallincam Extreme.<\/p>\n<p>&nbsp;<\/p>\n<p>&nbsp;<\/p>\n","protected":false},"excerpt":{"rendered":"<p>&nbsp;\u2013 et alternativ til visuelle observationer ? fortalt af Claus Bagger og&nbsp;Flemming Andreassen&nbsp; N\u00e5r man observerer visuelt er det i h\u00f8j grad en naturoplevelse og en \u00e6stetisk oplevelse, hvor nattehimlen, ens teleskop, ens syn og observationserfaring tilsammen definerer, hvilke objekter man kan observere og hvordan man opfatter dem. Men uanset \u2026 <a class=\"continue-reading-link\" href=\"https:\/\/www.baggerastro.dk\/?page_id=1442\"> Continue reading <span class=\"meta-nav\">&rarr; <\/span><\/a><\/p>\n","protected":false},"author":1,"featured_media":0,"parent":7,"menu_order":7,"comment_status":"open","ping_status":"open","template":"","meta":{"ngg_post_thumbnail":0,"footnotes":""},"class_list":["post-1442","page","type-page","status-publish","hentry"],"_links":{"self":[{"href":"https:\/\/www.baggerastro.dk\/index.php?rest_route=\/wp\/v2\/pages\/1442","targetHints":{"allow":["GET"]}}],"collection":[{"href":"https:\/\/www.baggerastro.dk\/index.php?rest_route=\/wp\/v2\/pages"}],"about":[{"href":"https:\/\/www.baggerastro.dk\/index.php?rest_route=\/wp\/v2\/types\/page"}],"author":[{"embeddable":true,"href":"https:\/\/www.baggerastro.dk\/index.php?rest_route=\/wp\/v2\/users\/1"}],"replies":[{"embeddable":true,"href":"https:\/\/www.baggerastro.dk\/index.php?rest_route=%2Fwp%2Fv2%2Fcomments&post=1442"}],"version-history":[{"count":82,"href":"https:\/\/www.baggerastro.dk\/index.php?rest_route=\/wp\/v2\/pages\/1442\/revisions"}],"predecessor-version":[{"id":2331,"href":"https:\/\/www.baggerastro.dk\/index.php?rest_route=\/wp\/v2\/pages\/1442\/revisions\/2331"}],"up":[{"embeddable":true,"href":"https:\/\/www.baggerastro.dk\/index.php?rest_route=\/wp\/v2\/pages\/7"}],"wp:attachment":[{"href":"https:\/\/www.baggerastro.dk\/index.php?rest_route=%2Fwp%2Fv2%2Fmedia&parent=1442"}],"curies":[{"name":"wp","href":"https:\/\/api.w.org\/{rel}","templated":true}]}}