{"id":304,"date":"2013-02-17T14:26:16","date_gmt":"2013-02-17T13:26:16","guid":{"rendered":"http:\/\/astro.oz6bl.dk\/?page_id=304"},"modified":"2020-01-28T22:16:13","modified_gmt":"2020-01-28T21:16:13","slug":"m17","status":"publish","type":"page","link":"https:\/\/www.baggerastro.dk\/?page_id=304","title":{"rendered":"M17"},"content":{"rendered":"<p><span style=\"font-family: verdana, geneva; font-size: small;\"><strong>M17, Omega-t\u00e5gen<\/strong><\/span><\/p>\n<p><span style=\"font-family: verdana, geneva; font-size: small;\">Emissions-t\u00e5ge i Sagittarius. Denne t\u00e5ge er en af mine absolutte favoritter at observere, og den er sp\u00e6ndende at kikke p\u00e5 i alle st\u00f8rrelser af kikkerter. Desv\u00e6rre ligger den p\u00e5 -16 deklination, og den kommer derfor aldrig over 18 grader over horisonten i Danmark.<\/span><\/p>\n<p><span style=\"font-size: small; font-family: verdana, geneva;\">ngg_shortcode_0_placeholder<\/span><\/p>\n<p><span style=\"font-family: verdana, geneva; font-size: small;\">&nbsp;<\/span><\/p>\n<p style=\"font-size: 12.727272033691406px;\"><span style=\"font-family: verdana, geneva; font-size: small;\">(7x5o) : klarere end M18 og jeg kunne se noget af formen. 1979-10-23.<\/span><\/p>\n<p style=\"font-size: 12.727272033691406px;\"><span style=\"font-family: verdana, geneva; font-size: small;\">(7&#215;50) : en mindre og ret svag plet. 1980-09-10.<\/span><\/p>\n<p style=\"font-size: 12.727272033691406px;\"><span style=\"font-family: verdana, geneva; font-size: small;\">(7x5o) : var s\u00e5 tydelige, at de n\u00e6sten kunne ses direkte. 1981-08-31.Klintebord, Ordrup ved F\u00e5revejle.<\/span><\/p>\n<p style=\"font-size: 12.727272033691406px;\"><span style=\"font-family: verdana, geneva; font-size: small;\">(Casra, 50 mm, 25x) : er bare helt fantastisk. I Casra var formen tydelig (et omvendt L, der ligger ned)&nbsp; og t\u00e5gen som et hele s\u00e5s tydeligt. I 7&#215;50 kunne jeg rigtigt se, at t\u00e5gen faktisk er ret stor og den s\u00e5s tydeligt ogs\u00e5 her, sevom den dog var noget svagere end i Casra. Endelig l\u00e5nte jeg et par 20&#215;80 binocularer og jeg s\u00e5 at der egentlig ikke var nogen forskel fra hvordan den s\u00e5 ud i 7&#215;50 \u2013 ikke andet end at den s\u00e5s tydeliger. 1979-07-22, Violau, Tyskland.<\/span><\/p>\n<p style=\"font-size: 12.727272033691406px;\"><span style=\"font-family: verdana, geneva; font-size: small;\">(Casra, 50 mm, 25 X) : formen var ret tydelig, og jeg kunne se tv\u00e6rbj\u00e6lken og &#8220;tappen&#8221;-dog ikke helt uden problemer,men det er den absolut bedste observation jeg har haft i Danmark (jeg synes at M17 er en af de smykkeste t\u00e5ger,der findes. 1979-10-23.<\/span><\/p>\n<p style=\"font-size: 12.727272033691406px;\"><span style=\"font-family: verdana, geneva; font-size: small;\">(60 mm, 37X) : Jeg gik i gang med at lave en tegning af M17 kl&nbsp;2240 og jeg var p\u00e5 sin vis f\u00e6rdig en time efter. For f\u00f8rste gang jeg ser p\u00e5 t\u00e5gen, s\u00e5 jeg at den centrale &#8220;bj\u00e6lke&#8221; buer lidt og at &#8220;hanken&#8221; ikke stikker lige ud fra bj\u00e6lken, men buer en smule til den ene side . Det sidste var dog sv\u00e6rt at se, og det var umuligt til sidst at se noget (h\u00f8jden af t\u00e5gen over horisonten gik fra ca 12\u00b0 til kun ca. 9\u00b0. Den&nbsp; n\u00e6rliggende stjerne\u00adhob s\u00e5s bedst med l2,5 mm okular(72,8x) og jeg talte omring 15 stjerner i en cirkel 15&#8242; i diameter. Med denne forst\u00f8rrelse lagde jeg for f\u00f8rste gang m\u00e6rke til to stjerner ganske t\u00e6t ved Ml7 mod vest-den ene var faktisk inde i selve t\u00e5gen. 1980-09-10.<\/span><\/p>\n<p style=\"font-size: 12.727272033691406px;\"><span style=\"font-family: verdana, geneva; font-size: small;\">(60 mm, 50-55) : simpelthen fantastisk \u2013 jeg har aldrig \u2013 ikke en gang i Tysklang \u2013 set den s\u00e5 utrolig. 1981-07-04, La Sage, Schweitz.<\/span><\/p>\n<p style=\"font-size: 12.727272033691406px;\"><span style=\"font-family: verdana, geneva; font-size: small;\">(C5, 51X) : var bare helt fantastisk, og jeg har aldrig set den&nbsp;<span style=\"text-decoration: underline;\">s\u00e5<\/span>&nbsp;tydeligt og&nbsp;<span style=\"text-decoration: underline;\">s\u00e5<\/span>&nbsp;smuk. T\u00e5gen s\u00e5s meget stor og det var ligesom om a<span style=\"line-height: 1.6em;\">t den centrale aflange del var delt ind i 3 dele. Det var som om at der var to \u201dhak\u201d ind i t\u00e5gen mod nord, men de er vist for store p\u00e5 tegningen til h\u00f8jre. Jeg har pr\u00f8vet at tegne t\u00e5gen med prikker for at angive intensiteten af de forskellige omr\u00e5der, men det er meget vanskeligt at g\u00f8re det lige s\u00e5 godt som med blyant&nbsp; &#8211; og s\u00e5 er det n\u00f8dvendigt at lave det st\u00f8rre for at kunne f\u00e5 det tilstr\u00e6kkeligt detaljeret ; Ulempen ved dette slags plot er, at man ikke f\u00e5r noget realistisk indtryk af objektet \u2013 fordelen er at det kan kopieres uden de store problemer. 1979-08-01.<\/span><\/span><\/p>\n<p style=\"font-size: 12.727272033691406px;\"><span style=\"font-family: verdana, geneva; font-size: small;\">(203, 70X) : den stod stadig et p\u00e6nt stykke oppe, da jeg kikkede p\u00e5 den, og det var ejendommeligt at kikke p\u00e5 den med 70 gange. Sagen er nemlig den at jeg kunne se flere og svagere stjerner end jeg kunne i Schweiz (men ikke s\u00e6rlig meget) , men selve t\u00e5gen s\u00e5s d\u00e5rligere. Den var diffus eg uden s\u00e6r\u00adlige konturer, selvom bj\u00e6lken ind imellem s\u00e5s rimelig skarp. Pud\u00adsigt nok var hanken sv\u00e6r at se. Alt dette viser med al tydelighed, hver vigtigt det er, at man har en himmel med god kontrast for at f\u00e5 ordentligt udbytte af t\u00e5ger. Jeg s\u00e5 t\u00e5gen langt flottere i min 60 mm, da jeg var i Schweiz sidste m\u00e5ned. 1981-08-23.<\/span><\/p>\n<p style=\"font-size: 12.727272033691406px;\"><span style=\"font-family: verdana, geneva; font-size: small;\">(203, 90X) : M17 var faktisk flot ved 90X, hvor kontrasten var rimelig god. Det er det flotteste jeg hidtil har set den i Danmark, synet mindede faktisk om det jeg s\u00e5 i C8&#8217;eren i Spanien uden dog andre indre detal\u00adjer synlig end en deling af den allerklareste del i to. Desuden var &#8220;hanken&#8221; svag. Men t\u00e5gens rektangul\u00e6re form var tydelig. 1983-08-13.<\/span><\/p>\n<p style=\"font-size: 12.727272033691406px;\"><span style=\"font-family: verdana, geneva; font-size: small;\"><span style=\"line-height: 1.6em;\">(Celestron 8, 100X) : <\/span>Observationen er lavet med diagonal med nord op. T<span style=\"line-height: 1.6em;\">egningen vist \u00f8verst p\u00e5 siden er lavet over flere aftener i Competa, Costa del Sol, Spanien i juli, 1983.&nbsp;<\/span><\/span><\/p>\n<p><span style=\"font-family: verdana, geneva; line-height: 1.6em; font-size: small;\">(333 dob, ?) : gispende ekstrem !&nbsp; s\u00e5 fyldt med veldefinerede detaljer, at en tegning vil v\u00e6re umulig at lave. Synet var p\u00e5 h\u00f8jde med fotos taget med de st\u00f8rste kikkerter p\u00e5 jorden. Astronomisk tur til Tenerife, 1986-04-08.<\/span><\/p>\n<p><span style=\"font-family: verdana, geneva; font-size: small;\">279 mm (Celestron 11) fra La Losilla, Spanien :&nbsp;tegningen har taget 2 timers observation og efterf\u00f8lgende tegnearbejde i PhotoShop at lave. T\u00e5gen er virkelig en udfordring af tegne i st\u00f8rre kikkerter, for den har utrolig mange detaljer. Den viste tegning viser endda kun et groft billede af, hvordan t\u00e5gen i virkeligheden tager sig ud igennem kikkerten, for de centrale dele har mange skarpe kanter og m\u00f8rke omr\u00e5der, der ligger meget t\u00e6t. T\u00e5gen danner n\u00e6sten et puslespil med trekanter, der ligger i alle mulige orienteringer. Efter denne nats observation vedbliver Omegat\u00e5gen stadig med at v\u00e6re en af mine absolutte favorit deep-sky objekter. Juli 2013.<\/span><\/p>\n<div><span style=\"font-family: verdana, geneva; font-size: small;\">&nbsp;<\/span><\/div>\n<p><span style=\"font-family: verdana, geneva; font-size: small;\">&nbsp;<\/span><\/p>\n<p><span style=\"font-family: verdana, geneva; font-size: small;\">&nbsp;<\/span><\/p>\n<p><span style=\"font-family: verdana, geneva; font-size: small;\">&nbsp;<\/span><\/p>\n<p><span style=\"font-family: verdana, geneva; font-size: small;\">&nbsp;<\/span><\/p>\n<p><span style=\"font-family: verdana, geneva; font-size: small;\">&nbsp;<\/span><\/p>\n","protected":false},"excerpt":{"rendered":"<p>M17, Omega-t\u00e5gen Emissions-t\u00e5ge i Sagittarius. Denne t\u00e5ge er en af mine absolutte favoritter at observere, og den er sp\u00e6ndende at kikke p\u00e5 i alle st\u00f8rrelser af kikkerter. Desv\u00e6rre ligger den p\u00e5 -16 deklination, og den kommer derfor aldrig over 18 grader over horisonten i Danmark. &nbsp; (7x5o) : klarere end \u2026 <a class=\"continue-reading-link\" href=\"https:\/\/www.baggerastro.dk\/?page_id=304\"> Continue reading <span class=\"meta-nav\">&rarr; <\/span><\/a><\/p>\n","protected":false},"author":1,"featured_media":0,"parent":151,"menu_order":0,"comment_status":"closed","ping_status":"closed","template":"","meta":{"ngg_post_thumbnail":0,"footnotes":""},"class_list":["post-304","page","type-page","status-publish","hentry"],"_links":{"self":[{"href":"https:\/\/www.baggerastro.dk\/index.php?rest_route=\/wp\/v2\/pages\/304","targetHints":{"allow":["GET"]}}],"collection":[{"href":"https:\/\/www.baggerastro.dk\/index.php?rest_route=\/wp\/v2\/pages"}],"about":[{"href":"https:\/\/www.baggerastro.dk\/index.php?rest_route=\/wp\/v2\/types\/page"}],"author":[{"embeddable":true,"href":"https:\/\/www.baggerastro.dk\/index.php?rest_route=\/wp\/v2\/users\/1"}],"replies":[{"embeddable":true,"href":"https:\/\/www.baggerastro.dk\/index.php?rest_route=%2Fwp%2Fv2%2Fcomments&post=304"}],"version-history":[{"count":23,"href":"https:\/\/www.baggerastro.dk\/index.php?rest_route=\/wp\/v2\/pages\/304\/revisions"}],"predecessor-version":[{"id":2304,"href":"https:\/\/www.baggerastro.dk\/index.php?rest_route=\/wp\/v2\/pages\/304\/revisions\/2304"}],"up":[{"embeddable":true,"href":"https:\/\/www.baggerastro.dk\/index.php?rest_route=\/wp\/v2\/pages\/151"}],"wp:attachment":[{"href":"https:\/\/www.baggerastro.dk\/index.php?rest_route=%2Fwp%2Fv2%2Fmedia&parent=304"}],"curies":[{"name":"wp","href":"https:\/\/api.w.org\/{rel}","templated":true}]}}