{"id":305,"date":"2013-02-17T15:38:52","date_gmt":"2013-02-17T14:38:52","guid":{"rendered":"http:\/\/astro.oz6bl.dk\/?page_id=305"},"modified":"2020-01-28T22:14:01","modified_gmt":"2020-01-28T21:14:01","slug":"m51","status":"publish","type":"page","link":"https:\/\/www.baggerastro.dk\/?page_id=305","title":{"rendered":"M51"},"content":{"rendered":"<p><span style=\"font-size: 14px;\"><span style=\"font-family: verdana,geneva,sans-serif;\">Sp\u00e6ndende dobbeltgalakse, som i en lille kikkert kan v\u00e6re lidt sv\u00e6r at finde p\u00e5 grund af sine relativt lave overfladeklarhed. Men n\u00e5r den er fundet, s\u00e5 brug god tid p\u00e5 at kikke efter nogle af de mange detaljer, som galaksen frembyder i selv moderat kikkerter.<\/span><\/span><\/p>\n<p>&nbsp;<\/p>\nngg_shortcode_0_placeholder\n<p>&nbsp;<\/p>\n<p style=\"font-size: 12.727272033691406px;\"><span style=\"font-family: verdana, geneva, sans-serif;\">(6&#215;30) : ses som to ret klare kugler. 1981-07-01. La Sage i Schweitz.<\/span><\/p>\n<p style=\"font-size: 12.727272033691406px;\"><span style=\"font-family: verdana, geneva, sans-serif;\">(Casra, 50 mm, 25X) : yderst svag, men det var dog muligt at se&nbsp;<span style=\"text-decoration: underline;\">ledsageren&nbsp;<\/span>ind imellem. 1979-09-23.<\/span><\/p>\n<p style=\"font-size: 12.727272033691406px;\"><span style=\"font-family: verdana, geneva, sans-serif;\">(60 mm, ca. 50X) : begge tydelige\u2013 M51 havde en stjernerlignende kerne og var meget udstrakt , meget mere end ledsageren var. Ved 72X kunne jeg blot se 2 diffuse kugler. 1981-07-01. La Sage i Schweitz.<\/span><\/p>\n<p style=\"font-size: 12.727272033691406px;\"><span style=\"font-family: verdana, geneva, sans-serif;\">(203, forskelligt) : noget af det mest sp\u00e6ndende, jeg nogensinde har kikket p\u00e5 at Deep-sky objek\u00adter. Jeg lagde ud med 112X, og jeg kunne med det samme se, at der var noget specielt ved denne galakse. Den enorme arm, som er angivet p\u00e5 skitsen til h\u00f8jre som nr. l, var ret let at se . Det var ogs\u00e5 ret let at se stjernen nr. 2, men s\u00e5 begyndte de virkelige vanskeligheder at komme. Armen henover stjernen 2, nr. 3 var meget sv\u00e6r at se, men til sidst var der ingen tvivl. Da jeg gik ned til 70X kunne jeg bekr\u00e6fte de sete ting og tilf\u00f8je den sk\u00e6vhed, som den klareste del af NGC 5195 har i forhold til hele galaksen. 18 mm okularet var det som gav mest og bedst. Jeg kunne her se to m\u00f8rke omr\u00e5der, nr 5 og 6, og med dette okular s\u00e5 jeg nok det svageste af alle de sete ting, nr 7, en lille stump t\u00e5ge,som var ekstrem svag og meget vanskelig at se. Nr. 8 var en meget svag stjerne. De m\u00f8rke omr\u00e5der i M 51 er svagt angi\u00advet med stiplede linier. 1982-04-13\/14.<\/span><\/p>\n<p style=\"font-size: 12.727272033691406px;\"><span style=\"font-family: verdana, geneva, sans-serif;\">(C8, 105X) : spiralstruktur svagt synlig<\/span><\/p>\n<p style=\"font-size: 12.727272033691406px;\"><span style=\"font-family: verdana, geneva, sans-serif;\">(333, 125X) : aldrig set noget lignende ! Helt ufattelig tydelig spiralstruktur, mindst 3 spiralarme og en trekantet ledsager. Astronomisk tur til Tenerife, 1986-04-08.<\/span><\/p>\n<div>&nbsp;<\/div>\n","protected":false},"excerpt":{"rendered":"<p>Sp\u00e6ndende dobbeltgalakse, som i en lille kikkert kan v\u00e6re lidt sv\u00e6r at finde p\u00e5 grund af sine relativt lave overfladeklarhed. Men n\u00e5r den er fundet, s\u00e5 brug god tid p\u00e5 at kikke efter nogle af de mange detaljer, som galaksen frembyder i selv moderat kikkerter. &nbsp; &nbsp; (6&#215;30) : ses \u2026 <a class=\"continue-reading-link\" href=\"https:\/\/www.baggerastro.dk\/?page_id=305\"> Continue reading <span class=\"meta-nav\">&rarr; <\/span><\/a><\/p>\n","protected":false},"author":1,"featured_media":0,"parent":151,"menu_order":0,"comment_status":"closed","ping_status":"closed","template":"","meta":{"ngg_post_thumbnail":0,"footnotes":""},"class_list":["post-305","page","type-page","status-publish","hentry"],"_links":{"self":[{"href":"https:\/\/www.baggerastro.dk\/index.php?rest_route=\/wp\/v2\/pages\/305","targetHints":{"allow":["GET"]}}],"collection":[{"href":"https:\/\/www.baggerastro.dk\/index.php?rest_route=\/wp\/v2\/pages"}],"about":[{"href":"https:\/\/www.baggerastro.dk\/index.php?rest_route=\/wp\/v2\/types\/page"}],"author":[{"embeddable":true,"href":"https:\/\/www.baggerastro.dk\/index.php?rest_route=\/wp\/v2\/users\/1"}],"replies":[{"embeddable":true,"href":"https:\/\/www.baggerastro.dk\/index.php?rest_route=%2Fwp%2Fv2%2Fcomments&post=305"}],"version-history":[{"count":9,"href":"https:\/\/www.baggerastro.dk\/index.php?rest_route=\/wp\/v2\/pages\/305\/revisions"}],"predecessor-version":[{"id":2301,"href":"https:\/\/www.baggerastro.dk\/index.php?rest_route=\/wp\/v2\/pages\/305\/revisions\/2301"}],"up":[{"embeddable":true,"href":"https:\/\/www.baggerastro.dk\/index.php?rest_route=\/wp\/v2\/pages\/151"}],"wp:attachment":[{"href":"https:\/\/www.baggerastro.dk\/index.php?rest_route=%2Fwp%2Fv2%2Fmedia&parent=305"}],"curies":[{"name":"wp","href":"https:\/\/api.w.org\/{rel}","templated":true}]}}