{"id":308,"date":"2013-02-17T15:03:35","date_gmt":"2013-02-17T14:03:35","guid":{"rendered":"http:\/\/astro.oz6bl.dk\/?page_id=308"},"modified":"2020-01-28T22:14:13","modified_gmt":"2020-01-28T21:14:13","slug":"m76","status":"publish","type":"page","link":"https:\/\/www.baggerastro.dk\/?page_id=308","title":{"rendered":"M76"},"content":{"rendered":"<p><span style=\"font-family: verdana,geneva,sans-serif;\"><span style=\"font-size: 14px;\">Der findes kun 4 planetariske t\u00e5ger i Messier-kataloget, og M76&nbsp;er m\u00e5ske den med flest detaljer !&nbsp;&nbsp;I mellemstore&nbsp;kikkerter kan man se de to kugler, som t\u00e5gen best\u00e5r af og i store kikkerter er t\u00e5gen meget sp\u00e6ndende.<\/span><\/span><\/p>\n<p>&nbsp;<\/p>\nngg_shortcode_0_placeholder\n<p>&nbsp;<\/p>\n<p style=\"font-size: 12.727272033691406px;\"><span style=\"font-family: verdana, geneva, sans-serif;\">(Casra, 50 mm, 25X) . Det viste sig pudsigt nok at den var klarere at se her end igennem min 60mm-jeg kunne faktisk indirekte se den n\u00e6sten hele tiden. Den var meget let at finde, og jeg kunne se at den var aflang og havde ret diffuse kanter. 1979-09-13.<\/span><\/p>\n<p style=\"font-size: 12.727272033691406px;\"><span style=\"font-family: verdana, geneva, sans-serif;\">(60 mm, 100X ) : ind i mellem ret let og aflang.&nbsp; 1979-08-21.<\/span><\/p>\n<p style=\"font-size: 12.727272033691406px;\"><span style=\"font-family: verdana, geneva, sans-serif;\">Faktisk er M76 lettere at se igennem 60mm end M110 er-jeg fik i aften min forel\u00f8big bedste obser\u00advation af denne t\u00e5ge, og efter at mine \u00f8jne var tilv\u00e6nnet omr\u00e5det var t\u00e5gen let at erkende (men dog sv\u00e6r at se). Ligeledes kunne jeg svagt se, at den er aflang. 1979-09-20.<\/span><\/p>\n<p style=\"font-size: 12.727272033691406px;\"><span style=\"font-family: verdana, geneva, sans-serif;\">(80 mm Zeiss, 120x) : var kontraten ufattelig. T\u00e5gen s\u00e5s uden problemer(let) som en aflang,ret diffus t\u00e5ge. De to stjerner,som jeg har n\u00e6vnt flere gange, som er lige ved siden af t\u00e5gen kunne begge ses, og selvom den svage virkelig er svag, s\u00e5 s\u00e5s den uden tvivl ret mange gange. 1981-12-16, hos Ulrik Sorgenfrey, Aller\u00f8d.<\/span><\/p>\n<p style=\"font-size: 12.727272033691406px;\"><span style=\"font-family: verdana, geneva, sans-serif;\">(Cas, 150 mm, 25 mm=ca. 150X) : t\u00e5gen er svag. Til tegningen til h\u00f8jre skal det tilf\u00f8jes at M76 ikke forekom kuglerund (alts\u00e5 de 2 dele) men at kanten n\u00e6rmest var flosset-tegninegen giver et godt indtryk af dette. 1979-10-20.<\/span><\/p>\n<p style=\"font-size: 12.727272033691406px;\"><span style=\"font-family: verdana, geneva, sans-serif;\">(203, 178X) : det var helt fantastisk,og jeg har aldrig f\u00f8r set den s\u00e5 klart (&#8220;ret klar&#8221;) .Den sydlige del var klare end den nordlige, se tegning af t\u00e5gen. 1982-11-22.<\/span><\/p>\n<p style=\"font-size: 12.727272033691406px;\"><span style=\"font-family: verdana, geneva, sans-serif;\">(C8, 200X) : Det var noget sv\u00e6rt at observere ved 200X, da det bl\u00e6ste ret kraftigt,og det var en medvirkende \u00e5rsag til,at jeg brugte 1\u00bd time p\u00e5 at lave en tegning af. 1983-07-14, Spanien med Steen Holst Larsen.<\/span><\/p>\n<p style=\"font-size: 12.727272033691406px;\"><span style=\"font-family: verdana, geneva, sans-serif;\">(333 mm, 8 mm Clave = 190 X) : utroligt syn. Til h\u00f8jre er vist en grovskitse, der viser de omkringliggende gasser. Det var f\u00f8rste gang jeg s\u00e5 disse svage til ekstrent svage detaljer, meget flot men ogs\u00e5 sv\u00e6rt. Brorfelde, 1986-09-06\/07.<\/span><\/p>\n<div>&nbsp;<\/div>\n","protected":false},"excerpt":{"rendered":"<p>Der findes kun 4 planetariske t\u00e5ger i Messier-kataloget, og M76&nbsp;er m\u00e5ske den med flest detaljer !&nbsp;&nbsp;I mellemstore&nbsp;kikkerter kan man se de to kugler, som t\u00e5gen best\u00e5r af og i store kikkerter er t\u00e5gen meget sp\u00e6ndende. &nbsp; &nbsp; (Casra, 50 mm, 25X) . Det viste sig pudsigt nok at den var \u2026 <a class=\"continue-reading-link\" href=\"https:\/\/www.baggerastro.dk\/?page_id=308\"> Continue reading <span class=\"meta-nav\">&rarr; <\/span><\/a><\/p>\n","protected":false},"author":1,"featured_media":0,"parent":151,"menu_order":0,"comment_status":"closed","ping_status":"closed","template":"","meta":{"ngg_post_thumbnail":0,"footnotes":""},"class_list":["post-308","page","type-page","status-publish","hentry"],"_links":{"self":[{"href":"https:\/\/www.baggerastro.dk\/index.php?rest_route=\/wp\/v2\/pages\/308","targetHints":{"allow":["GET"]}}],"collection":[{"href":"https:\/\/www.baggerastro.dk\/index.php?rest_route=\/wp\/v2\/pages"}],"about":[{"href":"https:\/\/www.baggerastro.dk\/index.php?rest_route=\/wp\/v2\/types\/page"}],"author":[{"embeddable":true,"href":"https:\/\/www.baggerastro.dk\/index.php?rest_route=\/wp\/v2\/users\/1"}],"replies":[{"embeddable":true,"href":"https:\/\/www.baggerastro.dk\/index.php?rest_route=%2Fwp%2Fv2%2Fcomments&post=308"}],"version-history":[{"count":11,"href":"https:\/\/www.baggerastro.dk\/index.php?rest_route=\/wp\/v2\/pages\/308\/revisions"}],"predecessor-version":[{"id":2302,"href":"https:\/\/www.baggerastro.dk\/index.php?rest_route=\/wp\/v2\/pages\/308\/revisions\/2302"}],"up":[{"embeddable":true,"href":"https:\/\/www.baggerastro.dk\/index.php?rest_route=\/wp\/v2\/pages\/151"}],"wp:attachment":[{"href":"https:\/\/www.baggerastro.dk\/index.php?rest_route=%2Fwp%2Fv2%2Fmedia&parent=308"}],"curies":[{"name":"wp","href":"https:\/\/api.w.org\/{rel}","templated":true}]}}