{"id":309,"date":"2013-02-17T15:11:13","date_gmt":"2013-02-17T14:11:13","guid":{"rendered":"http:\/\/astro.oz6bl.dk\/?page_id=309"},"modified":"2020-01-28T22:26:37","modified_gmt":"2020-01-28T21:26:37","slug":"m82","status":"publish","type":"page","link":"https:\/\/www.baggerastro.dk\/?page_id=309","title":{"rendered":"M82"},"content":{"rendered":"<p><span style=\"font-size: 14px;\"><span style=\"font-family: verdana,geneva,sans-serif;\">Ved lav forst\u00f8rrelse kan M81 og M82 ses i samme synsfelt, men det er to meget forskellige galakser. Hvor M81 er stor og udstrakt og kr\u00e6ver lav forst\u00f8rrelse, s\u00e5 er M82 meget mere kompakt og t\u00e5ler st\u00f8rre forst\u00f8rrelse. I mine \u00f8jne er dette den mest interessante af de to galakser.<\/span><\/span><\/p>\n<p>&nbsp;<\/p>\nngg_shortcode_0_placeholder\n<p>&nbsp;<\/p>\n<p style=\"font-size: 12.727272033691406px;\"><span style=\"font-family: verdana, geneva, sans-serif;\">(7&#215;50) : noget sv\u00e6rere end M81 og den var faktisk ret sv\u00e6r at se, en anelse aflang. 1979-09-20.<\/span><\/p>\n<p style=\"font-size: 12.727272033691406px;\"><span style=\"font-family: verdana, geneva, sans-serif;\">(Casra, 50 mm, 25X) : ikke helt let, men en pudsig ting er, at den aflange galakse s\u00e5s grovkornet. 1979-09-20.<\/span><\/p>\n<p style=\"font-size: 12.727272033691406px;\"><span style=\"font-family: verdana, geneva, sans-serif;\">(60 mm, 72X) : var meget smuk. Den er ekstrem klar og stadig meget klar ved 72X. Stjernerne omkring galaksen og den ene&nbsp;<span style=\"text-decoration: underline;\">inde<\/span>&nbsp;i er tegnet til h\u00f8jre, hvor man ogs\u00e5 ser den svagere 1\/3 af galaksen. 1981-07-04, La Sage, Schweitz.<\/span><\/p>\n<p style=\"font-size: 12.727272033691406px;\"><span style=\"line-height: 1.6em; font-family: verdana, geneva, sans-serif;\">(60, 51X) : Jeg fik lavet en endelig&nbsp;<\/span>tegning<span style=\"line-height: 1.6em; font-family: verdana, geneva, sans-serif;\">&nbsp;af denne sk\u00f8nne galakse. Jeg s\u00e5 flere gange de m\u00f8rke omr\u00e5der i galaksen, men de var for svage til, at jeg kunne se, hvor de l\u00e5. 1981-07-27. La Sage, Schweitz.<\/span><\/p>\n<p style=\"font-size: 12.727272033691406px;\"><span style=\"font-family: verdana, geneva, sans-serif;\">(203, forskelligt) : M 81 og M 82 s\u00e5s tydeligt og var begge tydeligt i samme synsfelt, og n\u00e5r jeg skruede op til 158x var M 82 s\u00e5 klar som jeg aldrig f\u00f8r har set den-en lang, tynd streg som bugnede ud p\u00e5 midten med flere detaljer og mange stj. s\u00e5s rundt om. Den var s\u00e5 klar at jeg faktisk kunne kikke direkte p\u00e5 den ! 1981-04-13.<\/span><\/p>\n<p style=\"font-size: 12.727272033691406px;\"><span style=\"font-family: verdana, geneva, sans-serif;\">(203, l58X) : ufatteligt denne utrolig klare ga\u00adlakse (som fyldte lidt mere end halvdelen af synsfeltet) var klip\u00adpet i flere dele, 3 dele med svage, m\u00f8rke omr\u00e5der i de to klareste. Den sidste trediedel af galaksen var tydeligt svagere end resten af dimsen-mange svage stjerner t\u00e6t ved denne meget lange galakse s\u00e5s. 5m7 s\u00e5s uden problemer mdb\u00f8 (med det blotte \u00f8je). 1981-04-27.<\/span><\/p>\n<p style=\"font-size: 12.727272033691406px;\"><span style=\"font-family: verdana, geneva, sans-serif;\">(203, forskelligt) : jeg betragter ikke den n\u00f8jagtige teg\u00adning,som jeg fik lavet som fyldestg\u00f8rende for, hvad der er og se af detaljer i galaksen. Undertiden mente jeg at kunne se flere m\u00f8rke omr\u00e5der og en mere uregelm\u00e6ssig kant end jeg har tegnet det, men det kr\u00e6ver meget n\u00f8je observationer. Muligvis var der ogs\u00e5 flere stjerner inde i galaksen eller lige ved kangen. Stjernen lige nedenfor galaksen var ekstrem svag, s\u00e5s kun med yderst besv\u00e6r et par gange. Tegningen her til h\u00f8jre viser alle de detaljer i tydeliggjort form, som jeg s\u00e5. Alle de centrale dele og de svage st. er observeret med 158X. Galaksens ydre dimensioner s\u00e5s bedst ved 70X. Ja,dette er en helt fantastisk galakse, det var meget sp\u00e6ndende at kikke p\u00e5 den. Jeg observerede kl. 2230 til 2330 og kunne se 6m2 mdb\u00f8. Skitsen til h\u00f8jre viser galaksen som jeg den med detaljer. Det st\u00f8rste m\u00f8rke omr\u00e5de midt i galaksen var delt i to af et lille bitte stykke lys galakse. M 82 neder\u00adste ende var sk\u00e5ret af i et snit p\u00e5 ca 60 grader i for\u00adhold til dette papirs vandrette plan. M 82 var mere diffus mod venstre end mod h\u00f8jre. 1982-04-26.<\/span><\/p>\n<div>&nbsp;<\/div>\n","protected":false},"excerpt":{"rendered":"<p>Ved lav forst\u00f8rrelse kan M81 og M82 ses i samme synsfelt, men det er to meget forskellige galakser. Hvor M81 er stor og udstrakt og kr\u00e6ver lav forst\u00f8rrelse, s\u00e5 er M82 meget mere kompakt og t\u00e5ler st\u00f8rre forst\u00f8rrelse. I mine \u00f8jne er dette den mest interessante af de to galakser. \u2026 <a class=\"continue-reading-link\" href=\"https:\/\/www.baggerastro.dk\/?page_id=309\"> Continue reading <span class=\"meta-nav\">&rarr; <\/span><\/a><\/p>\n","protected":false},"author":1,"featured_media":0,"parent":151,"menu_order":0,"comment_status":"closed","ping_status":"closed","template":"","meta":{"ngg_post_thumbnail":0,"footnotes":""},"class_list":["post-309","page","type-page","status-publish","hentry"],"_links":{"self":[{"href":"https:\/\/www.baggerastro.dk\/index.php?rest_route=\/wp\/v2\/pages\/309","targetHints":{"allow":["GET"]}}],"collection":[{"href":"https:\/\/www.baggerastro.dk\/index.php?rest_route=\/wp\/v2\/pages"}],"about":[{"href":"https:\/\/www.baggerastro.dk\/index.php?rest_route=\/wp\/v2\/types\/page"}],"author":[{"embeddable":true,"href":"https:\/\/www.baggerastro.dk\/index.php?rest_route=\/wp\/v2\/users\/1"}],"replies":[{"embeddable":true,"href":"https:\/\/www.baggerastro.dk\/index.php?rest_route=%2Fwp%2Fv2%2Fcomments&post=309"}],"version-history":[{"count":12,"href":"https:\/\/www.baggerastro.dk\/index.php?rest_route=\/wp\/v2\/pages\/309\/revisions"}],"predecessor-version":[{"id":2319,"href":"https:\/\/www.baggerastro.dk\/index.php?rest_route=\/wp\/v2\/pages\/309\/revisions\/2319"}],"up":[{"embeddable":true,"href":"https:\/\/www.baggerastro.dk\/index.php?rest_route=\/wp\/v2\/pages\/151"}],"wp:attachment":[{"href":"https:\/\/www.baggerastro.dk\/index.php?rest_route=%2Fwp%2Fv2%2Fmedia&parent=309"}],"curies":[{"name":"wp","href":"https:\/\/api.w.org\/{rel}","templated":true}]}}