{"id":51,"date":"2013-02-09T19:46:00","date_gmt":"2013-02-09T19:46:00","guid":{"rendered":"http:\/\/astro.oz6bl.dk\/?page_id=51"},"modified":"2019-02-07T17:10:47","modified_gmt":"2019-02-07T16:10:47","slug":"observationsraddeep-sky","status":"publish","type":"page","link":"https:\/\/www.baggerastro.dk\/?page_id=51","title":{"rendered":"Observationsr\u00e5d\/deep sky"},"content":{"rendered":"<p style=\"margin-left: 40px;\"><a href=\"#Test\">1 Hvad er et deep sky objekt ?<\/a><\/p>\n<p style=\"margin-left: 40px;\"><a href=\"#2\">2 Valg og brug af stjernekort<\/a><\/p>\n<p style=\"margin-left: 40px;\"><a href=\"#3\">3 Hvilken kikkert er bedst egnet til deep sky observationer ?<\/a><\/p>\n<p style=\"margin-left: 40px;\"><a href=\"#4\">4 Valg af okularer og forst\u00f8rrelse<\/a><\/p>\n<p style=\"margin-left: 40px;\"><a href=\"#5\">5 S\u00f8gekikkerter<\/a><\/p>\n<p style=\"margin-left: 40px;\"><a href=\"#6\">6 Brug ventetiden fornuftigt<\/a><\/p>\n<p style=\"margin-left: 40px;\"><a href=\"#7\">7 Planl\u00e6g observationerne p\u00e5 forh\u00e5nd<\/a><\/p>\n<p style=\"margin-left: 40px;\"><a href=\"#8\">8 Selve observationen<\/a><\/p>\n<p style=\"margin-left: 80px;\"><a href=\"#8.1\">8.1 Notater om observationer<\/a><\/p>\n<p style=\"margin-left: 80px;\"><a href=\"#8.2\">8.2 Hvor svage deep sky objekter kan man se ?<\/a><\/p>\n<p style=\"margin-left: 40px;\"><a href=\"#9\">9 Betydningen af en m\u00f8rk himmel<\/a><\/p>\n<p style=\"margin-left: 40px;\"><a href=\"#10\">10 Brug af filtre<\/a><\/p>\n<p style=\"margin-left: 40px;\"><a href=\"#11\">11 Kampen mod dug<\/a><\/p>\n<p><a id=\"Test\" name=\"Test\"><\/a><\/p>\n<h1><\/h1>\n<h1>1. \u00a0<a id=\"Hvad er et deep sky objekt ?\" name=\"Hvad er et deep sky objekt ?\"><\/a>Hvad er et deep sky objekt ?<\/h1>\n<p>Deep sky objekter (engelsk af \u201ddyb himmel\u201d) er som regel opfattet som de objekter, som ligger uden for vores solsystem, deraf navnet \u201ddeep\u201d, som f.eks. stjernehobe, t\u00e5ger og galakser. Selvom betegnelsen er engelsk, s\u00e5 har vi ikke et tilsvarende udtryk p\u00e5 dansk.<\/p>\n<p>&nbsp;<\/p>\n<p>&nbsp;<\/p>\n<h1><a id=\"2\" name=\"2\"><\/a>2. \u00a0Valg og brug af stjernekort<\/h1>\n<p>For at komme i gang med at se og observere deep sky objekter, s\u00e5 er det en god id\u00e9 at l\u00e6re stjernebillederne at man, i hvert fald hvis man ikke har GO-TO p\u00e5 sin kikkert. Derudover skal man have nogle gode stjernekort.<\/p>\n<p><span style=\"font-size: 13px; line-height: 1.6em;\">Der findes mange forskellige typer af stjernekort, som er egnede til brug ved identifikation af deep sky objekter. Det kan anbefales at anskaffe et kort, der giver et godt overblik over himlen og det sted, hvor man vil s\u00f8ge efter et objekt. Et lamineret kort, der t\u00e5ler dug og har en stor, overskuelig flade, er et godt valg, f.eks. <\/span><a style=\"font-size: 13px; line-height: 1.6em;\" href=\"https:\/\/www.astro-shop.com\/Katalog\/Info\/402102.html?PHPSESSID=92eba8856d538844ca1f681dbeb32de1\">Will Tirions atlas<\/a><span style=\"font-size: 13px; line-height: 1.6em;\">. Der findes ogs\u00e5 flere stjernekort p\u00e5 dansk, f.eks. Politikens bog om astronomi, men de viser ikke s\u00e5 svage stjerner, typisk kun dem, som man kan se med det blotte \u00f8je.<\/span><\/p>\n<p><span style=\"font-size: 13px; line-height: 1.6em;\">Man skal ikke forvente at finde objekter, der er meget svagere end de svageste stjerner p\u00e5 det kort, som man benytter. Derfor b\u00f8r man bruge et detail-kort efter at man f\u00f8rst har lokaliseret det omr\u00e5de, hvor objektet cirka ligger. <\/span><a style=\"font-size: 13px; line-height: 1.6em;\" href=\"https:\/\/www.willbell.com\/atlas\/atlas4.htm\">Uranometria<\/a><span style=\"font-size: 13px; line-height: 1.6em;\"> er en udm\u00e6rket mulighed. En anden mulighed er dog ogs\u00e5 at benytte computer-baserede stjernekort, som b\u00e5de har fordele og ulemper i.f.t. papirbaserede kort. De kan v\u00e6re sv\u00e6rere at overskue, og man kan ikke tilf\u00f8je kommentarer p\u00e5 dem. Til geng\u00e6lg har de andre fordele, s\u00e5som variabel zoom, orientation efter synsfeltet i kikkerten, og ikke mindst n\u00e6sten ubegr\u00e6nsede m\u00e6ngder af stjerner og objekter. Nedenfor er vist et eksempel p\u00e5 stjernerne omkring den planetariske t\u00e5ge NGC 6894, som har en klarhed p\u00e5 12m3 og en diameter p\u00e5 55\u201d. Det f\u00f8rste kort viser stjerner til 10,3. st\u00f8rrelsesklasse (n\u00e6sten det samme som Uranometria). L\u00e6g m\u00e6rke til de r\u00f8de cirkler, som angiver forskellige st\u00f8rrelser synsfelter, den ydeste 6 grader i diameter, svarende til synsfeltet i en s\u00f8gekikkert. Det andet kort viser stjerner til 14,5. st\u00f8rrelsesklasse og kun den inderste, r\u00f8de cirkel fra det f\u00f8rste kort ses.<\/span><\/p>\n<p>ngg_shortcode_0_placeholderngg_shortcode_1_placeholder<\/p>\n<p>Flere computerbaserede stjernekort kan gratis hentes p\u00e5 Internettet, s\u00e5som <a href=\"https:\/\/www.ap-i.net\/skychart\/index.php?newlang=eng\">Carte du Ciel<\/a> eller <a href=\"https:\/\/www.uv.es\/jrtorres\/index.html\">CNebula<\/a>. Specielt Carte du Ciel, som der er vist et eksempel p\u00e5 ovenfor, har den fordel, at det kan downloades med ekstra stjernekort, s\u00e5 man kan se stjerner helt ned til 18. st\u00f8rrelsesklasse plus hundredetusindevis af deep sky objekter. Nok til observationer resten af ens liv !<\/p>\n<p>&nbsp;<\/p>\n<p>&nbsp;<\/p>\n<h1><a id=\"3\" name=\"3\"><\/a>3. \u00a0Hvilken kikkert er bedst egnet til deep sky observationer ?<\/h1>\n<p>Alle typer af kikkerter kan bruges til deep sky observationer, ja selv med det blotte \u00f8je kan man se en h\u00e5ndfuld deep sky objekter ! P\u00e5 den anden side kan man ogs\u00e5 sige, at visse typer af kikkerter er mere alsidige til deep sky observationer end andre.<\/p>\n<p><span style=\"font-size: 13px; line-height: 1.6em;\">Da deep sky objekter normalt har en vis udstr\u00e6kning p\u00e5 himlen, s\u00e5 er det en fordel at v\u00e6lge en kikkert med relativ kort br\u00e6ndvidde i forhold til kikkerten diameter. Kikkertens F\/forhold, som er forholdet mellem br\u00e6ndvidde og diameter, kan med fordel v\u00e6re mellem 4 og 10.<\/span><\/p>\n<p><span style=\"font-size: 13px; line-height: 1.6em;\">Der findes b\u00e5de meget store og meget sm\u00e5 deep sky objekter. \u00c5bne stjernehobe, emissionst\u00e5ger, m\u00f8rke t\u00e5ger og galakser kan v\u00e6re flere grader store og kr\u00e6ver derfor s\u00e5 lav en forst\u00f8rrelse som muligt. Den st\u00f8rste planetariske t\u00e5ge er Helix-t\u00e5gen (NGC 7293) med en diameter p\u00e5 en kvart grad, men ellers varierer disse t\u00e5ger i st\u00f8rrelse fra bueminutter og helt ned til ganske f\u00e5 buesekunder. S\u00e5danne sm\u00e5 gnallinger er derfor specielle ved at kr\u00e6ve s\u00e5 stor en forst\u00f8rrelse som overhovedet muligt af kikkerten, og her er en kikkert med en lang br\u00e6ndvidde at foretr\u00e6kke.<\/span><\/p>\n<p>&nbsp;<\/p>\n<p>&nbsp;<\/p>\n<h1><a id=\"4\" name=\"4\"><\/a>4. \u00a0Valg af okularer og forst\u00f8rrelse<\/h1>\n<p>Ved observation af deep sky objekter kikker vi p\u00e5 udstrakte objekter, og disse nydes bedst ved kik igennem et vidvinkelokular, hvor s\u00e5 meget som muligt af det omkringliggende omr\u00e5de ses. De moderne typer af vidvinkelokularer med synsfelter p\u00e5 70 til 82 grader er bygget specielt til deep sky observationer (igennem meget kortbr\u00e6ndviddede kikkerter), og hvis man har r\u00e5d til s\u00e5danne okularer, s\u00e5 venter der en en masse uforglemmelige oplevelser.<\/p>\n<p><span style=\"font-size: 13px; line-height: 1.6em;\">Ud over at s\u00e5danne okularer er dyre, s\u00e5 tegner de ikke lige s\u00e5 skarp i midten af synsfeltet som ikke-vidvinkelokularer, da de har op til 6 optiske elementer og mange optiske overgange indbyggede. Hvis ens observationer kr\u00e6ver god skarphed til observationer ved h\u00f8je forst\u00f8rrelser, s\u00e5 b\u00f8r man i stedet bruge okularer med f\u00e6rre optiske elementer som f.eks. pl\u00f6ssl okularer, som stadig har et passende synsfelt p\u00e5 ca. 50 grader.<\/span><\/p>\n<p><span style=\"font-size: 13px; line-height: 1.6em;\">Okularets forst\u00f8rrelse findes som forholdet mellem kikkertens br\u00e6ndvidde og okularets br\u00e6ndvidde, alts\u00e5<\/span><\/p>\n<p>&nbsp;<\/p>\n<p>Forst\u00f8rrelse = Kikkert-br\u00e6ndvidde divideret med okular-br\u00e6ndvidde.<\/p>\n<p><span style=\"font-size: 13px; line-height: 1.6em;\">Eksempel : ens kikkert har en br\u00e6ndvidde p\u00e5 1000 mm og man har et okular med 25 mm br\u00e6ndvidde. Alts\u00e5 er forst\u00f8rrelsen 1000\/25=40X.<\/span><\/p>\n<p><span style=\"font-size: 13px; line-height: 1.6em;\">S\u00e5 jo kortere br\u00e6ndvidde okularet har, jo st\u00f8rre forst\u00f8rrelse opn\u00e5r man.<\/span><\/p>\n<p><span style=\"font-size: 13px; line-height: 1.6em;\">N\u00e5r man er p\u00e5 jagt efter deep-sky objekter, s\u00e5 er den en fordel at starte s\u00f8gningen og observationen ved lav forst\u00f8rrelse. Dels er det nemmere at finde objektet, dels er det en god id\u00e9 f\u00f8rst at f\u00e5 et godt overblik over objektet, som i visse tilf\u00e6lde kan fylde betragteligt i synsfelt, selv ved lav forst\u00f8rrelse. Fors\u00f8g dern\u00e6st at g\u00e5 op i forst\u00f8rrelse. Svage detaljer og stjerner ses bedre ved for\u00f8get forst\u00f8rrelse, fordi himmelkontrasten forbedres. Kontrasten forbedres, fordi det gr\u00e5 lys fra himlen spredes ud over 4 gange s\u00e5 stort et areal, hvis man g\u00e5r 2 gange op i forst\u00f8rre\u00e6se. Der er dog en naturlig, maksimal forst\u00f8rrelse, som ens optik kan h\u00e5ndtere f\u00f8r billeder begynder at bryde sammen. Denne ligger p\u00e5 45-50X per tommes diameter, d.v.s. 350-400 X for en 8\u201d.<\/span><\/p>\n<p>&nbsp;<\/p>\n<p>&nbsp;<\/p>\n<h1><a id=\"5\" name=\"5\"><\/a>5. \u00a0S\u00f8gekikkerter<\/h1>\n<p>Mange, moderne kikkerter har den s\u00e5kaldte GO-TO funktion, som g\u00f8r dem i stand til selv at finde hen til et givet objekt. Men det er slet ikke n\u00f8dvendigt med s\u00e5dan udstyr for at kunne finde deep sky objekter p\u00e5 himlen. Hvad enten ens kikkert har GO-TO eller ej, s\u00e5 skal man have en god s\u00f8gekikkert.<\/p>\n<p><span style=\"font-size: 13px; line-height: 1.6em;\">En god s\u00f8gekikkert b\u00f8r have et synsfelt p\u00e5 mellem 5 og 7 grader og tegne skarpt helt ud til kanten. Det hj\u00e6lper med et tr\u00e5dkors, der viser placeringen af centrum. S\u00f8gekikkerten skal v\u00e6re nem at justere i.f.t. hovedkikkertens optiske akse.<\/span><\/p>\n<p><span style=\"font-size: 13px; line-height: 1.6em;\">Kan ens hovedkikkert b\u00e6re det, s\u00e5 er det en stor fordel med to s\u00f8gekikkerter, en med et synsfelt p\u00e5 5-7 grader og ens med et synsfelt p\u00e5 2-3 grader. Nummer 2 s\u00f8gekikkert kan have en st\u00f8rre diameter end den f\u00f8rste og med det mindre synsfelt kan man pr\u00e6cist se placeringen af svagere objekter.<\/span><\/p>\n<p>&nbsp;<\/p>\n<h1><a id=\"6\" name=\"6\"><\/a>6. \u00a0Brug ventetiden fornuftigt<\/h1>\n<p>Det kan v\u00e6re nok s\u00e5 frusterende som amat\u00f8rastronom at skulle leve med det danske vejr. N\u00e5r det s\u00e5 en sj\u00e6lden gang imellem bliver godt vejr, s\u00e5 b\u00f8r man ogs\u00e5 kunne arbejde p\u00e5 en nem og hurtig m\u00e5de med sin elskede hobby. Hvis det ikke er nemt, s\u00e5 mister man hurtigt lysten til at kunne rykke ud med kort varsel og nyde den korte stund, hvor vejrguderne er med een.<\/p>\n<p><span style=\"font-size: 13px; line-height: 1.6em;\">Det er jo meget passende at bruge den lange ventetid imellem sine observationer til at g\u00f8re ens udstyr s\u00e5 nemt som muligt at arbejde med. Hvis muligheden er der, s\u00e5 kan man lave et observatorium til sit kikkertinstrument. Det vil spare en for en masse flyttebesv\u00e6r hver gang instrumentet skal bruges, og der skal ikke bruges tid p\u00e5 at kikkerten blive tempereret.<\/span><\/p>\n<p><span style=\"font-size: 13px; line-height: 1.6em;\">Hvis der ikke er mulighed for at bygge en observatorium, s\u00e5 kan en fast opstilling ude i ens have spare for at b\u00e6re en tung montering frem og tilbage.<\/span><\/p>\n<p>&nbsp;<\/p>\n<p>&nbsp;<\/p>\n<h1><a id=\"7\" name=\"7\"><\/a>7. \u00a0Planl\u00e6g observationerne p\u00e5 forh\u00e5nd<\/h1>\n<p>Det kan v\u00e6re en god ide at planl\u00e6gge sine observationer p\u00e5 forh\u00e5nd. Hvis man bruger stjernehop-metoden til at finde objekter efter, s\u00e5 er det en fordel at udv\u00e6lge objekter, der ligger t\u00e6t hinanden p\u00e5 himlen. Kataloger over deep sky objekter kan bruges som udgangspunkt for udv\u00e6lgelsen.<\/p>\n<p><span style=\"font-size: 13px; line-height: 1.6em;\">N\u00e5r det endelig bliver stjerneklart, s\u00e5 vil man m\u00e5ske gerne kikke p\u00e5 planeter, dobbeltstjerner eller sm\u00e5 planetariske t\u00e5ger. Dette er alle typer af objekter, som kr\u00e6ver en rolig luft. Man kan f\u00e5 et hurtigt indtryk af lufturoen ved at kikke p\u00e5 en klar stjerne i n\u00e6rheden af horisonten. Hvis der er meget lufturo, s\u00e5 blinker stjernen mere eller mindre hurtigt (ved h\u00f8j frekvens). Hvis luften er mere rolig, s\u00e5 vil stjernen blinke mere stille og roligt (ved lavere frekvens). At stjernen blinker stille og roligt er dog ingen garanti for, at vejret er godt til h\u00f8je forst\u00f8rrelser. De s\u00e5kaldte jet-str\u00f8mme kan nemlig let \u00f8del\u00e6gge en ellers fin aften. Derfor er det en god id\u00e9 at checke for forekomsten af disse p\u00e5 <\/span><a style=\"font-size: 13px; line-height: 1.6em;\" href=\"https:\/\/www.geographyhigh.connectfree.co.uk\/weatherroomjetstream.html\">denne hjemmeside<\/a><span style=\"font-size: 13px; line-height: 1.6em;\">.<\/span><\/p>\n<p><span style=\"font-size: 13px; line-height: 1.6em;\">Hvis det er godt vejr inden det bliver helt m\u00f8rkt, s\u00e5 kan man forberede s\u00e5 meget af sit udstyr i tusm\u00f8rket, inden man kan begynde seri\u00f8se observationer. Optikken har altid godt af at st\u00e5 og komme i balance med omgivelsernes temperatur. Selv en halv grads temperaturforskel mellem kikkertr\u00f8r eller spejl og omgivelserne vil give sig udslag i vandring af luft hen foran ens optik. Det giver igen anledning til uro i billedet. Hvis man defokusere et lysst\u00e6rkt objekt ved h\u00f8jere forst\u00f8rrelse, s\u00e5 vil man p\u00e5 den ene side af fokus f\u00e5 et billede af lufturoen inde i kikkerten, og p\u00e5 den anden side af fokus vil man f\u00e5 et billede af lufturoen i atmosf\u00e6ren.<\/span><\/p>\n<p><span style=\"font-size: 13px; line-height: 1.6em;\">Okularerne har ogs\u00e5 godt af at st\u00e5 ude en time inden brug, s\u00e5 de kommer i termisk balance med udeluften.<\/span><\/p>\n<p>&nbsp;<\/p>\n<p>&nbsp;<\/p>\n<h1><a id=\"8\" name=\"8\"><\/a>8. \u00a0Selve observationen<\/h1>\n<p>Det er vigtigt, at man altid f\u00f8ler sig godt tilpas under sine observationer. Kulden skal holdes p\u00e5 afstand med fornuftigt, varmt t\u00f8j, om vinteren f.eks. med termot\u00f8j, hue og gode vanter. Det kan v\u00e6re en id\u00e9 at benytte kemiske varmepuder, som man putter ned i ens vanter. De kan hj\u00e6lpe med at holde fingrene varme i et par timer. Samtidig er det meget vigtigt, at man har godt fodt\u00f8j p\u00e5, fordi man hele tiden har kontakt med den kolde jord. G\u00e5 ind og hold \u201dvarmepauser\u201d (varm f\u00f8dder og st\u00f8vler op), hvis det er rigtigt koldt.<\/p>\n<p><span style=\"font-size: 13px; line-height: 1.6em;\">Man skal sidde eller st\u00e5 behageligt i.f.t. okularet og kunne slappe af mens man observerer. Samtidig b\u00f8r man placere sine okularer og stjernekort, s\u00e5 de er nemme at komme til fra okularet og s\u00e5 man ikke vader rundt i dem !<\/span><\/p>\n<p><span style=\"font-size: 13px; line-height: 1.6em;\">Endelig skal man fors\u00f8ge at undg\u00e5 al form for lys ind imod ens \u00f8jne. Dette er s\u00e6rlig vigtigt, hvis man benytter filtre til sine observationer. Dette har to grunde. For det f\u00f8rste bliver billedet igennem et filter n\u00e6sten sort, s\u00e5 for overhovedet at se noget skal al udenomslys elimineres. For det andet reflekteres alt forureningslys p\u00e5 bagsiden af filteret direkte ind i \u00f8jet p\u00e5 een. P\u00e5 grund af disse forhold kan det v\u00e6re en stor fordel at tage en h\u00e6tte over hovedet, n\u00e5r man bruger smalspektrede filtre.<\/span><\/p>\n<p>&nbsp;<\/p>\n<p>&nbsp;<\/p>\n<h2><a id=\"8.1\" name=\"8.1\"><\/a>8.1. \u00a0Notater om observationer<\/h2>\n<p>B\u00e5de for een selv og andre kan det v\u00e6re en id\u00e9 at notere ens observationer ned. Det er selvf\u00f8lgelig smag og behag, hvor meget man vil skrive ned, men f\u00f8lgende ting kan v\u00e6re en hj\u00e6lp :<\/p>\n<p>&nbsp;<\/p>\n<ul>\n<li style=\"margin-left: 40px;\">Objekt navn eller nummer<\/li>\n<li style=\"margin-left: 40px;\">Dato<\/li>\n<li style=\"margin-left: 40px;\">Kikkert og forst\u00f8rrelse<\/li>\n<li style=\"margin-left: 40px;\">Observationsforhold (vejr og klarhed med det blotte \u00f8je)<\/li>\n<li style=\"margin-left: 40px;\">Beskrivelse af objekter : klarhed, st\u00f8rrelse, specielt udseende, lav evt. en tegning.<\/li>\n<\/ul>\n<p>&nbsp;<\/p>\n<p><span style=\"font-size: 13px; line-height: 1.6em;\">Klarheden af et objekt er selvf\u00f8lgelig en subjektiv vurdering, men den f\u00f8lgende kvantificering kan m\u00e5ske alligevel v\u00e6re en hj\u00e6lp til, hvordan klarheden kan defineres :<\/span><\/p>\n<p>&nbsp;<\/p>\n<ul>\n<li style=\"margin-left: 40px;\"><strong>Ekstrem klar <\/strong>: ses ekstremt klart indirekte og meget klart direkte<\/li>\n<li style=\"margin-left: 40px;\"><strong>Meget klar<\/strong> : ses meget klart indirekte og tydeligt direkte<\/li>\n<li style=\"margin-left: 40px;\"><strong>Klar<\/strong> : ses uden problemer direkte<\/li>\n<li style=\"margin-left: 40px;\"><strong>Ret klar<\/strong> : kan lige akkurat ses direkte<\/li>\n<li style=\"margin-left: 40px;\"><strong>Ret svag<\/strong> : kan lige akkurat ikke ses direkte<\/li>\n<li style=\"margin-left: 40px;\"><strong>Svag<\/strong> : ses hele tiden indirekte<\/li>\n<li style=\"margin-left: 40px;\"><strong>Meget svag <\/strong>: ses regelm\u00e6ssigt indirekte<\/li>\n<li style=\"margin-left: 40px;\"><strong>Ekstrem svag<\/strong> : ses kun en gang imellem indirekte (p\u00e5 kanten af det synlige)<\/li>\n<\/ul>\n<p>&nbsp;<\/p>\n<p>&nbsp;<\/p>\n<h2><a id=\"8.2\" name=\"8.2\"><\/a>8.2. \u00a0Hvor svage deep sky objekter kan man se ?<\/h2>\n<p>Det tager ca. 45 minutter f\u00f8r man er normalt m\u00f8rkeadapteret, men skal man fors\u00f8ge at m\u00e5le sin kikkert gr\u00e6nsest\u00f8rrelsesklasse eller kikke efter ekstremt svage objekter, s\u00e5 er det en god ide at vente endnu l\u00e6ngere. Teoretisk set kan man se deep-sky objekter, der er lige s\u00e5 svage som gr\u00e6nsest\u00f8rrelsesklassen p\u00e5 ens kikkert. I praksis ligger gr\u00e6nsen dog 1 og snarere 2 st\u00f8rrelsesklasser fra kikkertens gr\u00e6nsest\u00f8rrelsesklasse. De mindste deep sky objekter (typisk meget fjerne, planetariske t\u00e5ger) er ikke mere end nogle f\u00e5 buesekunder store, og kan derfor regnes som n\u00e6sten punktformige. I praksis har alle deep sky objekter dog en vis udbredelse, og det er derfor mere passende at snakke om et objekts overfladeklarhed, som defineres som klarheden divideret med st\u00f8rrelsen i kvadratbueminutter.<\/p>\n<p><span style=\"font-size: 13px; line-height: 1.6em;\">Det kan v\u00e6re en fordel at blande sv\u00e6rhedsgraden af de objekter, som man har t\u00e6nkt sig at observere, s\u00e5 der altid er sikkerhed for at f\u00e5 noget i \u201dkassen\u201d. \u00d8nsket om udfordringer kan sagtens skifte fra aften til aften, bare man er opm\u00e6rksom p\u00e5 ikke at skuffe sig selv.<\/span><\/p>\n<p>&nbsp;<\/p>\n<h1><a id=\"9\" name=\"9\"><\/a>9. \u00a0Betydningen af en m\u00f8rk himmel<\/h1>\n<p>Det er nemt at forst\u00e5, at man ikke kan se s\u00e5 svage objekter p\u00e5 en himmel, der kun viser stjerner ned til 5. st\u00f8rrelsesklasse frem for p\u00e5 en himmel, hvor man kan se 6. st\u00f8rrelseklassestjerner. Dette betyder imidlertid ikke, at man ser een st\u00f8rrelserklasse mindre p\u00e5 den d\u00e5rligere himmel i en kikkert. Problemet med en lys himmel er, at kontasten i billedet forringes, s\u00e5ledes at objekter med en vis udstr\u00e6kning bliver sv\u00e6rere at se.<\/p>\n<p>&nbsp;<\/p>\n<p>&nbsp;<\/p>\n<h1><a id=\"10\" name=\"10\"><\/a>10. \u00a0Brug af filtre<\/h1>\n<p>Desv\u00e6rre generer lysforureningen flere og flere mennesker, som gerne vil kikke stjerner. Her kan brugen af forskellige typer af filtre v\u00e6re en stor hj\u00e6lp. Der kan k\u00f8bes filtre til n\u00e6sten ethvert behov, men grundideen ved filtrene at fjerne u\u00f8nsket lys og derved forbedre kontrasten i billedet.<\/p>\n<p>ngg_shortcode_2_placeholderInden man k\u00f8ber et filter er det en god id\u00e9 f\u00f8rst at pr\u00f8ve et eller flere typer. Samtidig skal man g\u00f8re sig klart, hvad form\u00e5let med filteret skal v\u00e6re, og hvad det er man observerer. De bredspektrede filtre som f.eks. Nebula filter er rettede mod at fjerne lyset fra elp\u00e6rer der exsiteres med svovl- eller kv\u00e6lstof-gasser. Disse filtre giver en synlig kontrastforbedring p\u00e5 alle typer af deep sky objekter. De smalspektrede filtre er beregnede til kun at tillade lyset fra helt bestemte b\u00f8lgel\u00e6ngder at passere igennem til \u00f8jet. De kendeste typer tilader lyset fra bestemt ansl\u00e5ede tilstande af kv\u00e6lstof (N) og ilt (O) at passere. Dette passer til lyset fra emissionst\u00e5ger (N2) og planetariske t\u00e5ger (OIII). Filtre af typen Ultra High Contrast (UHC) har spektret vist til venstre, og dette filter et velegnet til mange emissionst\u00e5ger og planetariske t\u00e5ger. OIII-filteret er specielt velegnet til planetariske t\u00e5ger.<\/p>\n<p><span style=\"font-size: 13px; line-height: 1.6em;\">N\u00e5r man observere med de meget smalspektrede filtre slipper der s\u00e5 lidt, spredt lys igennem, at synsfeltet bliver meget m\u00f8rkt, for ikke at sige sort. Lyset fra det objekt, som man er interesserede i at se, slipper til geng\u00e6ld n\u00e6sten 100 % igennem. Dette giver en enorm kontrastfor\u00f8gelse, som g\u00f8r at objekter, der uden filter er usynlige, pludselig bliver til at se.<\/span><\/p>\n<p>&nbsp;<\/p>\n<p>&nbsp;<\/p>\n<p>&nbsp;<\/p>\n<h1><a id=\"11\" name=\"11\"><\/a>11. \u00a0 Kampen mod dug<\/h1>\n<p>Hvis luften har en passende h\u00f8j fugtighed og den afk\u00f8les, s\u00e5 vil bittesm\u00e5 dr\u00e5ber kondenseres og falde som dug igennem luften. Dette kan v\u00e6re meget generende for linsen i en refraktor, korrektorpladen i en Smidt-cassegrain eller sekund\u00e6rspejlet i en newton. Duggen kan helt eller delvist reduceres ved at montere en dugh\u00e6tte foran optikken eller opvarme bagsiden af sekund\u00e6rspejlet p\u00e5 en newton med svag varme fra varmetr\u00e5de. Man kan ogs\u00e5 reducere duggen ved at observere et sted, hvor underlaget er t\u00f8rt og f.eks. fors\u00f8ge at holde sig v\u00e6k fra fugtigt gr\u00e6s.<\/p>\n<p>&nbsp;<\/p>\n","protected":false},"excerpt":{"rendered":"<p>1 Hvad er et deep sky objekt ? 2 Valg og brug af stjernekort 3 Hvilken kikkert er bedst egnet til deep sky observationer ? 4 Valg af okularer og forst\u00f8rrelse 5 S\u00f8gekikkerter 6 Brug ventetiden fornuftigt 7 Planl\u00e6g observationerne p\u00e5 forh\u00e5nd 8 Selve observationen 8.1 Notater om observationer 8.2 \u2026 <a class=\"continue-reading-link\" href=\"https:\/\/www.baggerastro.dk\/?page_id=51\"> Continue reading <span class=\"meta-nav\">&rarr; <\/span><\/a><\/p>\n","protected":false},"author":1,"featured_media":0,"parent":985,"menu_order":1,"comment_status":"closed","ping_status":"open","template":"","meta":{"ngg_post_thumbnail":0,"footnotes":""},"class_list":["post-51","page","type-page","status-publish","hentry"],"_links":{"self":[{"href":"https:\/\/www.baggerastro.dk\/index.php?rest_route=\/wp\/v2\/pages\/51","targetHints":{"allow":["GET"]}}],"collection":[{"href":"https:\/\/www.baggerastro.dk\/index.php?rest_route=\/wp\/v2\/pages"}],"about":[{"href":"https:\/\/www.baggerastro.dk\/index.php?rest_route=\/wp\/v2\/types\/page"}],"author":[{"embeddable":true,"href":"https:\/\/www.baggerastro.dk\/index.php?rest_route=\/wp\/v2\/users\/1"}],"replies":[{"embeddable":true,"href":"https:\/\/www.baggerastro.dk\/index.php?rest_route=%2Fwp%2Fv2%2Fcomments&post=51"}],"version-history":[{"count":28,"href":"https:\/\/www.baggerastro.dk\/index.php?rest_route=\/wp\/v2\/pages\/51\/revisions"}],"predecessor-version":[{"id":1940,"href":"https:\/\/www.baggerastro.dk\/index.php?rest_route=\/wp\/v2\/pages\/51\/revisions\/1940"}],"up":[{"embeddable":true,"href":"https:\/\/www.baggerastro.dk\/index.php?rest_route=\/wp\/v2\/pages\/985"}],"wp:attachment":[{"href":"https:\/\/www.baggerastro.dk\/index.php?rest_route=%2Fwp%2Fv2%2Fmedia&parent=51"}],"curies":[{"name":"wp","href":"https:\/\/api.w.org\/{rel}","templated":true}]}}