{"id":516,"date":"2013-03-04T21:28:20","date_gmt":"2013-03-04T20:28:20","guid":{"rendered":"http:\/\/astro.oz6bl.dk\/?page_id=516"},"modified":"2020-02-03T21:16:22","modified_gmt":"2020-02-03T20:16:22","slug":"hvordan-observerer-jeg-2","status":"publish","type":"page","link":"https:\/\/www.baggerastro.dk\/?page_id=516","title":{"rendered":"Hvordan observerer jeg ?"},"content":{"rendered":"<p><strong>Hvordan har jeg observeret igennem tiderne ?<\/strong><\/p>\n<p>&nbsp;<\/p>\n<p><strong>Indhold :<\/strong><\/p>\n<p><span style=\"text-decoration: underline;\"><a href=\"#1\">Hvad gjorde jeg i starten<\/a><\/span><\/p>\n<p><span style=\"text-decoration: underline;\"><a href=\"#2\">Mit valg af kikkerter<\/a><\/span><\/p>\n<p><span style=\"text-decoration: underline;\"><a href=\"#3\">Okularer<\/a><\/span><\/p>\n<p><span style=\"text-decoration: underline;\"><a href=\"#4\">Mine stjerneatlas igennem tiderne<\/a><\/span><\/p>\n<p><span style=\"text-decoration: underline;\"><a href=\"#5\">Hvor svage objekter kan ses i en 20&#8243; kikkert ?<\/a><\/span><\/p>\n<p>&nbsp;<\/p>\n<p><strong><span style=\"text-decoration: underline;\"><a id=\"1\" name=\"1\"><\/a>Hvad gjorde jeg i starten ?<\/span><\/strong><\/p>\n<p>Det f\u00f8rste jeg gik i gang med, dengang jeg i december m\u00e5ned 1976 begyndte at interesserede mig for astronomi, var at l\u00e6re stjernerbillederne at kende. Jeg brugte Fremad&#8217;s stjerneatlas. I denne bog er der nogle gode oversigtskort, som viser udstr\u00e6kningen af alle stjernebilleder med streger imellem stjernerne ! Bogen viser ogs\u00e5 placeringen af de allerklareste deep-sky objekter.<\/p>\n<p><strong><span style=\"text-decoration: underline;\"><a id=\"2\" name=\"2\"><\/a>Mit valg af kikkerter<\/span><\/strong><\/p>\n<p>Min f\u00f8rste kikkert var en udm\u00e6rket 60 mm linsekikkert p\u00e5 en simpel azimutal opstilling, en kikkert som jeg stadig har. Supplerede med en 7&#215;50 prismekikkert, s\u00e5 var jeg dengang godt udstyret til at komme i gang med deep-sky verdenen.<\/p>\n<p>Det varede dog ikke l\u00e6nge inden jeg gerne ville kunne se flere objekter end, hvad en 60 mm kan byde p\u00e5. Derfor anskaffede jeg mig en 150 mm cassegrain (som jeg har kaldt cas i beskrivelserne), som godt nok var \u00e6kvatorialt opstillet, men ikke havde nogen motorstyring. Det var ikke nemt at h\u00e5ndtere en kikkert med en br\u00e6ndvidde p\u00e5 2800 mm, specielt da jeg p\u00e5 det tidspunkt ikke havde okularer med store synsvinkler. Derfor var det en befrielse at anskaffe en anden kikkert, som kun havde en br\u00e6ndvidde p\u00e5 1400 mm, en \u00e6kv\u00e6torialt opstillet 203 mm Newton-kikkert. Den havde ovenik\u00f8bet motorstyring, s\u00e5 nu var det pludselig en leg at observere med flere hundrede ganges forst\u00f8rrelse.<\/p>\n<p>Denne 203 mm Newton fik jeg ogs\u00e5 bygget et observatorium til. Den kunne p\u00e5 hjul rulles v\u00e6k fra kikkerten, s\u00e5 den stod alene tilbage. P\u00e5 denne m\u00e5de kunne jeg v\u00e6re observationsklar i l\u00f8bet af et kvarter.<\/p>\n<p>I l\u00f8bet af de 5 \u00e5r, hvor jeg havde denne kikkert, fik jeg observeret adskillige hundrede deep-sky objekter, men ogs\u00e5 med denne kikkert m\u00e5tte jeg erkende, at der var en gr\u00e6nse for, hvor mange flere objekter kikkerten ville kunne tilbyde mig. Jeg anskaffede mig derfor en mekanisk meget simpel kikkert, men en kikkert, som kunne samle meget mere lys ind, en 333 mm Dobsonian. Denne kikkert have desv\u00e6rre ingen motorstyring.<\/p>\n<p>I 1985 flyttede jeg hjemmefra, og 203 mm kikkerten fik derfor lov til at st\u00e5 mere og mere uber\u00f8rt. Et \u00e5rs tid senere valgte jeg at s\u00e6lge den og nedl\u00e6gge observatoriet, og astronomien levede nu en s\u00e6rdeles kummerlig tilv\u00e6relsen hos en person, som mere t\u00e6nkte p\u00e5 karriere, at stifte familie og k\u00f8be hus. I l\u00f8bet af de n\u00e6ste 15 \u00e5r l\u00e5 hobbyen n\u00e6sten fuldst\u00e6ndig i dvale, indtil der igen begynder at v\u00e6re energi til overs til at t\u00e6nke p\u00e5 de mange vidunderlige oplevelser, der ligger og venter ude imellem stjernerne. I \u00e5r 2002 begynder jeg s\u00e5 igen at observere.<\/p>\n<p>Selvom en Dobsoninan p\u00e5 333 mm samler meget lys ind, s\u00e5 gik jeg hele tiden og dr\u00f8mte om, at f\u00e5 den &#8220;ultimative&#8221; amat\u00f8rkikkert. Det skulle v\u00e6re den st\u00f8rste kikkert, som jeg praktisk kunne have st\u00e5ende og arbejde med, og s\u00e5 skulle den samtidig v\u00e6re af god kvalitet og have motorstyring. Af mange grunde faldt valget p\u00e5 en 20&#8243; Obsession, som jeg s\u00e5 kunne g\u00e5 i gang med at nyde observationer igennem fra august 2005.<\/p>\n<p>Forn\u00f8jelsen ved at have denne kikkert har v\u00e6ret st\u00f8rre end jeg nogensinde havde dr\u00f8mt om. Og her t\u00e6nker jeg ikke bare p\u00e5 det rent observationsm\u00e6ssige, men i lige s\u00e5 h\u00f8j grad p\u00e5 den praktiske brug med kikkerten. Alle detaljer p\u00e5 kikkerten er gennemt\u00e6nkt til praktiske brug. Selvom kikkerten er stor, s\u00e5 er den hurtig at pakke ind i min stationcar, hvorefter jeg kan k\u00f8re den, hvorhen det skal v\u00e6re. Den kan stilles op n\u00e6sten hvor som helst, bare underlaget er nogenlunder h\u00e5rdt. Selve kikkerten bruger str\u00f8m fra en transportabel 12 V akkumulator, s\u00e5 systemet er uafh\u00e6ngig af faste str\u00f8mkilder.<\/p>\n<p>Kikkerten kan herefter samles af een person p\u00e5 15 minutter. Med samling af ledninger, 2 stjerne-alignment og spejl-kollimation g\u00e5r der yderligere 10-15 minutter, s\u00e5 p\u00e5 en halv time er man fuldt observationsklar. Vel at m\u00e6rke et sted, hvor der er dejligt m\u00f8rkt.<\/p>\n<p>I Birker\u00f8d, hvor jeg bor nu, har jeg altid kikkerten st\u00e5ende fuldt samlet inde i et redskabsskur. S\u00e5 er det kun n\u00f8dvendigt at k\u00f8re teleskopet nogle f\u00e5 meter ud, og efter 5 minutter er jeg principielt observationsklar !&nbsp; Ofte holder kikkerten kollimationen fint fra gang til gang, men er skarpheden kritisk, s\u00e5 kollimeres der; og det g\u00f8r jeg normalt altid.<\/p>\n<p>En stor kikkert giver to klare optiske fordele : 1) man kan se svage ting, 2) man kan se sm\u00e5 ting. Den sidste ting er ensbetydende med, at kikkerten kan forst\u00f8rre meget f\u00f8r billedet optisk bryder sammen. Og dette faktum er i h\u00f8j grad med til at g\u00f8re observationer med en stor kikkert til en helt speciel oplevelse. Observationer ved meget store forst\u00f8rrelser er selvf\u00f8lgelig meget f\u00f8lsomme over for vejret, men det kan det v\u00e6re en fantastisk oplevelse at kikke p\u00e5 en ulden planetarisk t\u00e5ge ved 700-800 ganges forst\u00f8rrelse med alle stjerner i feltet fuldst\u00e6ndig n\u00e5lespidse. Den oplevelse er alle velfortjent.<\/p>\n<p>&nbsp;<\/p>\n<p><strong><span style=\"text-decoration: underline;\"><a id=\"3\" name=\"3\"><\/a>Okularer<\/span><\/strong><\/p>\n<p>For god ordens skyld opridses nedenfor de forskellige okularer, som har v\u00e6ret brugt igennem tiderne til observationerne beskrevet p\u00e5 BaggerAstro :<\/p>\n<table id=\"AutoNumber1\" style=\"height: 5mm; width: 100%;\" border=\"1\" cellspacing=\"1\" cellpadding=\"0\">\n<tbody>\n<tr>\n<td style=\"width: 20%; background-color: #66ff99;\">\n<p align=\"center\"><strong>Br\u00e6ndvidde<\/strong><\/p>\n<\/td>\n<td style=\"width: 20%; background-color: #66ff99;\">\n<p align=\"center\"><strong>Type<\/strong><\/p>\n<\/td>\n<td style=\"width: 20%; background-color: #66ff99;\">\n<p align=\"center\"><strong>M\u00e6rke<\/strong><\/p>\n<\/td>\n<td style=\"width: 20%; background-color: #66ff99;\">\n<p align=\"center\"><strong>Synsfelt<\/strong><\/p>\n<\/td>\n<td style=\"width: 20%; background-color: #66ff99;\">\n<p align=\"center\"><strong>Brugt i periode<\/strong><\/p>\n<\/td>\n<\/tr>\n<tr>\n<td style=\"width: 20.0%;\">\n<p align=\"center\">4<\/p>\n<\/td>\n<td style=\"width: 20.0%;\">\n<p align=\"center\">Orthoskopisk<\/p>\n<\/td>\n<td style=\"width: 20.0%;\">\n<p align=\"center\">Unitron<\/p>\n<\/td>\n<td style=\"width: 20.0%;\">\n<p align=\"center\">45<\/p>\n<\/td>\n<td style=\"width: 20.0%;\">\n<p align=\"center\">1977-1983<\/p>\n<\/td>\n<\/tr>\n<tr>\n<td style=\"width: 20.0%;\">\n<p align=\"center\">6<\/p>\n<\/td>\n<td style=\"width: 20.0%;\">\n<p align=\"center\">Orthoskopisk<\/p>\n<\/td>\n<td style=\"width: 20.0%;\">\n<p align=\"center\">Unitron<\/p>\n<\/td>\n<td style=\"width: 20.0%;\">\n<p align=\"center\">45<\/p>\n<\/td>\n<td style=\"width: 20.0%;\">\n<p align=\"center\">1977-1986<\/p>\n<\/td>\n<\/tr>\n<tr>\n<td style=\"width: 20.0%;\">\n<p align=\"center\">9<\/p>\n<\/td>\n<td style=\"width: 20.0%;\">\n<p align=\"center\">SYM.ACH<\/p>\n<\/td>\n<td style=\"width: 20.0%;\">\n<p align=\"center\">Unitron<\/p>\n<\/td>\n<td style=\"width: 20.0%;\">\n<p align=\"center\">45<\/p>\n<\/td>\n<td style=\"width: 20.0%;\">\n<p align=\"center\">1977-1986<\/p>\n<\/td>\n<\/tr>\n<tr>\n<td style=\"width: 20.0%;\">\n<p align=\"center\">12,5<\/p>\n<\/td>\n<td style=\"width: 20.0%;\">\n<p align=\"center\">Huygens<\/p>\n<\/td>\n<td style=\"width: 20.0%;\">\n<p align=\"center\">H.M<\/p>\n<\/td>\n<td style=\"width: 20.0%;\">\n<p align=\"center\">45<\/p>\n<\/td>\n<td style=\"width: 20.0%;\">\n<p align=\"center\">1977-1984<\/p>\n<\/td>\n<\/tr>\n<tr>\n<td style=\"width: 20.0%;\">\n<p align=\"center\">25<\/p>\n<\/td>\n<td style=\"width: 20.0%;\">\n<p align=\"center\">Ramsden<\/p>\n<\/td>\n<td style=\"width: 20.0%;\">\n<p align=\"center\">Polarex<\/p>\n<\/td>\n<td style=\"width: 20.0%;\">\n<p align=\"center\">45<\/p>\n<\/td>\n<td style=\"width: 20.0%;\">\n<p align=\"center\">1977-1984<\/p>\n<\/td>\n<\/tr>\n<tr>\n<td style=\"width: 20.0%;\">\n<p align=\"center\">16<\/p>\n<\/td>\n<td style=\"width: 20.0%;\">\n<p align=\"center\">?<\/p>\n<\/td>\n<td style=\"width: 20.0%;\">\n<p align=\"center\">?<\/p>\n<\/td>\n<td style=\"width: 20.0%;\">\n<p align=\"center\">57<\/p>\n<\/td>\n<td style=\"width: 20.0%;\">\n<p align=\"center\">1983-2004<\/p>\n<\/td>\n<\/tr>\n<tr>\n<td style=\"width: 20.0%;\">\n<p align=\"center\">20<\/p>\n<\/td>\n<td style=\"width: 20.0%;\">\n<p align=\"center\">Erfle<\/p>\n<\/td>\n<td style=\"width: 20.0%;\">\n<p align=\"center\">Meade wide angle<\/p>\n<\/td>\n<td style=\"width: 20.0%;\">\n<p align=\"center\">65<\/p>\n<\/td>\n<td style=\"width: 20.0%;\">\n<p align=\"center\">1981-2004<\/p>\n<\/td>\n<\/tr>\n<tr>\n<td style=\"width: 20.0%;\">\n<p align=\"center\"><strong>10<\/strong><\/p>\n<\/td>\n<td style=\"width: 20.0%;\">\n<p align=\"center\">Pl\u00f6ssl<\/p>\n<\/td>\n<td style=\"width: 20.0%;\">\n<p align=\"center\">Clav\u00e9<\/p>\n<\/td>\n<td style=\"width: 20.0%;\">\n<p align=\"center\">52<\/p>\n<\/td>\n<td style=\"width: 20.0%;\">\n<p align=\"center\">1984-d.d<\/p>\n<\/td>\n<\/tr>\n<tr>\n<td style=\"width: 20.0%;\">\n<p align=\"center\"><strong>12<\/strong><\/p>\n<\/td>\n<td style=\"width: 20.0%;\">\n<p align=\"center\">Pl\u00f6ssl<\/p>\n<\/td>\n<td style=\"width: 20.0%;\">\n<p align=\"center\">Clav\u00e9<\/p>\n<\/td>\n<td style=\"width: 20.0%;\">\n<p align=\"center\">52<\/p>\n<\/td>\n<td style=\"width: 20.0%;\">\n<p align=\"center\">1984-d.d<\/p>\n<\/td>\n<\/tr>\n<tr>\n<td style=\"width: 20.0%;\">\n<p align=\"center\">32<\/p>\n<\/td>\n<td style=\"width: 20.0%;\">\n<p align=\"center\">Erfle<\/p>\n<\/td>\n<td style=\"width: 20.0%;\">\n<p align=\"center\">AstroMekanik<\/p>\n<\/td>\n<td style=\"width: 20.0%;\">\n<p align=\"center\">65<\/p>\n<\/td>\n<td style=\"width: 20.0%;\">\n<p align=\"center\">1984-2004<\/p>\n<\/td>\n<\/tr>\n<tr>\n<td style=\"width: 20.0%;\">\n<p align=\"center\">5<\/p>\n<\/td>\n<td style=\"width: 20.0%;\">\n<p align=\"center\">?<\/p>\n<\/td>\n<td style=\"width: 20.0%;\">\n<p align=\"center\">Vixen LV<\/p>\n<\/td>\n<td style=\"width: 20.0%;\">\n<p align=\"center\">45<\/p>\n<\/td>\n<td style=\"width: 20.0%;\">\n<p align=\"center\">2002-2004<\/p>\n<\/td>\n<\/tr>\n<tr>\n<td style=\"width: 20.0%;\">\n<p align=\"center\">7<\/p>\n<\/td>\n<td style=\"width: 20.0%;\">\n<p align=\"center\">?<\/p>\n<\/td>\n<td style=\"width: 20.0%;\">\n<p align=\"center\">Vixen LV<\/p>\n<\/td>\n<td style=\"width: 20.0%;\">\n<p align=\"center\">45<\/p>\n<\/td>\n<td style=\"width: 20.0%;\">\n<p align=\"center\">2002-2004<\/p>\n<\/td>\n<\/tr>\n<tr>\n<td style=\"width: 20.0%;\">\n<p align=\"center\"><strong>8<\/strong><\/p>\n<\/td>\n<td style=\"width: 20.0%;\">\n<p align=\"center\">Pl\u00f6ssl<\/p>\n<\/td>\n<td style=\"width: 20.0%;\">\n<p align=\"center\">televue<\/p>\n<\/td>\n<td style=\"width: 20.0%;\">\n<p align=\"center\">50<\/p>\n<\/td>\n<td style=\"width: 20.0%;\">\n<p align=\"center\">2004-d.d<\/p>\n<\/td>\n<\/tr>\n<tr>\n<td style=\"width: 20.0%;\">\n<p align=\"center\"><strong>13<\/strong><\/p>\n<\/td>\n<td style=\"width: 20.0%;\">\n<p align=\"center\">Ethos<\/p>\n<\/td>\n<td style=\"width: 20.0%;\">\n<p align=\"center\">Televue<\/p>\n<\/td>\n<td style=\"width: 20.0%;\">\n<p align=\"center\">100<\/p>\n<\/td>\n<td style=\"width: 20.0%;\">\n<p align=\"center\">2008-d.d.<\/p>\n<\/td>\n<\/tr>\n<tr>\n<td style=\"width: 20.0%;\">\n<p align=\"center\"><strong>15<\/strong><\/p>\n<\/td>\n<td style=\"width: 20.0%;\">\n<p align=\"center\">Pl\u00f6ssl<\/p>\n<\/td>\n<td style=\"width: 20.0%;\">\n<p align=\"center\">Televue<\/p>\n<\/td>\n<td style=\"width: 20.0%;\">\n<p align=\"center\">50<\/p>\n<\/td>\n<td style=\"width: 20.0%;\">\n<p align=\"center\">2004-d.d<\/p>\n<\/td>\n<\/tr>\n<tr>\n<td style=\"width: 20.0%;\">\n<p align=\"center\"><strong>20<\/strong><\/p>\n<\/td>\n<td style=\"width: 20.0%;\">\n<p align=\"center\">Nagler<\/p>\n<\/td>\n<td style=\"width: 20.0%;\">\n<p align=\"center\">Televue<\/p>\n<\/td>\n<td style=\"width: 20.0%;\">\n<p align=\"center\">82<\/p>\n<\/td>\n<td style=\"width: 20.0%;\">\n<p align=\"center\">2004-d.d<\/p>\n<\/td>\n<\/tr>\n<tr>\n<td style=\"width: 20.0%;\">\n<p align=\"center\"><strong>31<\/strong><\/p>\n<\/td>\n<td style=\"width: 20.0%;\">\n<p align=\"center\">Nagler<\/p>\n<\/td>\n<td style=\"width: 20.0%;\">\n<p align=\"center\">Televue<\/p>\n<\/td>\n<td style=\"width: 20.0%;\">\n<p align=\"center\">82<\/p>\n<\/td>\n<td style=\"width: 20.0%;\">\n<p align=\"center\">2004-d.d<\/p>\n<\/td>\n<\/tr>\n<\/tbody>\n<\/table>\n<p>Okularerne er n\u00e6vnt i kronologisk orden efter, hvorn\u00e5r de er k\u00f8bt. De med fed markerede okularer bliver stadig brugt i dag.<\/p>\n<p>Sammen med de n\u00e6vnte okularer har jeg ogs\u00e5 benyttet forskellige barlow-linser :<\/p>\n<table id=\"AutoNumber2\" style=\"width: 100%;\" border=\"1\" cellspacing=\"1\" cellpadding=\"0\">\n<tbody>\n<tr>\n<td style=\"width: 25%; background-color: #66ff99;\">\n<p align=\"center\"><strong>Forst\u00f8rrelse<\/strong><\/p>\n<\/td>\n<td style=\"width: 25%; background-color: #66ff99;\">\n<p align=\"center\"><strong>Type<\/strong><\/p>\n<\/td>\n<td style=\"width: 25%; background-color: #66ff99;\">\n<p align=\"center\"><strong>M\u00e6rke<\/strong><\/p>\n<\/td>\n<td style=\"width: 25%; background-color: #66ff99;\">\n<p align=\"center\"><strong>Brugt i periode<\/strong><\/p>\n<\/td>\n<\/tr>\n<tr>\n<td style=\"width: 25.0%;\">\n<p align=\"center\">2,5X<\/p>\n<\/td>\n<td style=\"width: 25.0%;\">\n<p align=\"center\">Barlow<\/p>\n<\/td>\n<td style=\"width: 25.0%;\">\n<p align=\"center\">Televue<\/p>\n<\/td>\n<td style=\"width: 25.0%;\">\n<p align=\"center\">1983-2004<\/p>\n<\/td>\n<\/tr>\n<tr>\n<td style=\"width: 25.0%;\">\n<p align=\"center\">2X<\/p>\n<\/td>\n<td style=\"width: 25.0%;\">\n<p align=\"center\">Barlow<\/p>\n<\/td>\n<td style=\"width: 25.0%;\">\n<p align=\"center\">AstroMekanik<\/p>\n<\/td>\n<td style=\"width: 25.0%;\">\n<p align=\"center\">1984-2004<\/p>\n<\/td>\n<\/tr>\n<tr>\n<td style=\"width: 25.0%;\">\n<p align=\"center\"><strong>2X<\/strong><\/p>\n<\/td>\n<td style=\"width: 25.0%;\">\n<p align=\"center\">Powermate<\/p>\n<\/td>\n<td style=\"width: 25.0%;\">\n<p align=\"center\">Televue<\/p>\n<\/td>\n<td style=\"width: 25.0%;\">\n<p align=\"center\">2004-d.d.<\/p>\n<\/td>\n<\/tr>\n<tr>\n<td style=\"width: 25.0%;\">\n<p align=\"center\"><strong>4X<\/strong><\/p>\n<\/td>\n<td style=\"width: 25.0%;\">\n<p align=\"center\">Powermate<\/p>\n<\/td>\n<td style=\"width: 25.0%;\">\n<p align=\"center\">Televue<\/p>\n<\/td>\n<td style=\"width: 25.0%;\">\n<p align=\"center\">2004-d.d<\/p>\n<\/td>\n<\/tr>\n<\/tbody>\n<\/table>\n<p>&nbsp;<\/p>\n<p><strong><span style=\"text-decoration: underline;\"><a id=\"4\" name=\"4\"><\/a>Mine stjerneatlas igennem tiderne<\/span><\/strong><\/p>\n<p>Da jeg startede indenfor amat\u00f8rastronomien for 30 \u00e5r siden, s\u00e5 var Atlas of the Heavens tidens atlas (Antonin Becvar, 1963). Det tilh\u00f8rende katalog indeholdt informationer om et par tusinde deep-sky objekter.&nbsp; Desv\u00e6rre plotter kortene kun stjerner til 6,75 st\u00f8rrelsesklasse, og det var derfor n\u00f8dvendigt at supplerede med andre typer kort for at kunne bruges til at finde svagere objekter med. Jeg anskaffede mig derfor Atlas Borealis og Atlas Eclipticalis, som viser stjerner til et sted mellem 11 og 12. fotografisk st\u00f8rrelsesklasse. Desv\u00e6rre indeholdt disse kort kun stjerner, og det var derfor m\u00f8jsommeligt at indtegne positionen p\u00e5 deep-sky objekter. Men fra 1983 og \u00e5rene frem var det faktisk m\u00e5den jeg arbejdede p\u00e5. Da jeg ofte var p\u00e5 jagt efter objekter svagere end 12. st\u00f8rrelsesklasse, s\u00e5 kunne der selv med disse kort tit v\u00e6re tvivl om, pr\u00e6cist hvor et objekt rent faktisk l\u00e5.<\/p>\n<p>Ved fremkomsten af Uranometria i 1987 i blev s\u00f8gen efter svagere deep-sky objekter pludselig meget lettere. Dels indeholder kortene stjerner ned til 9,5 st\u00f8rrelsesklasse og har plottet alle v\u00e6sentlige deep-sky objekter. Dels indeholder kataloget oplysninger p\u00e5 mere 30.000 deeps-ky objekter, hvoraf de 26.000 er galakser. Uranometria er et meget flot atlas, som jeg dog ikke mere benytter.<\/p>\n<p>Igennem mange \u00e5r var free-ware programmet Carte du Ciel mit foretrukne planeterie-program, og dette kan kobles sammen med mange forskellige typer af Go-To telescoper, bl.a. Obsession Telscopes.<\/p>\n<p>I 2012 k\u00f8bte jeg database og planeterie-programmet SkyTools, som kom til at s\u00e6tte en ny standard for min registrering af alle mine observationer s\u00e5vel som st\u00f8tte under alle fremtidige observationer. Gr\u00e6nserne for, hvad der kan observeres, udvides stort set til det uendelig med dette program, i hvert fald i.f.t. hvad man kan se igennem en 20&#8243; kikkert. Alle Excel-lister p\u00e5 AstroBagger med observationsbeskrivelser er generede fra min SkyTools database.<\/p>\n<p>&nbsp;<\/p>\n<p><strong><span style=\"text-decoration: underline;\"><a id=\"5\" name=\"5\"><\/a>Hvor svage objekter kan ses i en 20&#8243; kikkert ?<\/span><\/strong><\/p>\n<p>Gr\u00e6nsest\u00f8rrelsesklassen p\u00e5 min 20&#8243; kikkert er ca. 17. st\u00f8rrelsesklasse, da jeg direkte har v\u00e6ret i stand til et se stjerner ned til visuel st\u00f8rrelsesklasse 16<sup>m<\/sup>8. Man skal imidlertid ikke forledes til at tro at alting bare pludselig bliver meget klart og ligner alle de flotte fotos, som man ser i astronomib\u00f8ger. Men tingene bliver m\u00e6rkbare nemmere at se. Spiralstrukturen i galaksen M51 er sv\u00e6r at se i en 200 mm kikkert, men markant i en 500 mm kikkert. I det hele taget popper galakser frem i tusindtal p\u00e5 himlen.<\/p>\n<p>Hvor svage objekter, der kan ses i en 500 mm kikkert afh\u00e6nger helt af, hvor stort objektet er. Mit hidtil svageste deep-sky objekt er den planetariske t\u00e5ge PK 55+2.1, som har en visuel st\u00f8rrelsesklasse p\u00e5 15<sup>m<\/sup>8. Dens diameter er ogs\u00e5 kun 5&#8243;, og dens s\u00e5s blot stjerneformet. P\u00e5 grund af den faldende overfladeklarhed vil st\u00f8rre objekter v\u00e6re vanskeligere at se.<\/p>\n<p>&nbsp;<\/p>\n<p>&nbsp;<\/p>\n","protected":false},"excerpt":{"rendered":"<p>Hvordan har jeg observeret igennem tiderne ? &nbsp; Indhold : Hvad gjorde jeg i starten Mit valg af kikkerter Okularer Mine stjerneatlas igennem tiderne Hvor svage objekter kan ses i en 20&#8243; kikkert ? &nbsp; Hvad gjorde jeg i starten ? Det f\u00f8rste jeg gik i gang med, dengang jeg \u2026 <a class=\"continue-reading-link\" href=\"https:\/\/www.baggerastro.dk\/?page_id=516\"> Continue reading <span class=\"meta-nav\">&rarr; <\/span><\/a><\/p>\n","protected":false},"author":1,"featured_media":0,"parent":10,"menu_order":3,"comment_status":"closed","ping_status":"open","template":"","meta":{"ngg_post_thumbnail":0,"footnotes":""},"class_list":["post-516","page","type-page","status-publish","hentry"],"_links":{"self":[{"href":"https:\/\/www.baggerastro.dk\/index.php?rest_route=\/wp\/v2\/pages\/516","targetHints":{"allow":["GET"]}}],"collection":[{"href":"https:\/\/www.baggerastro.dk\/index.php?rest_route=\/wp\/v2\/pages"}],"about":[{"href":"https:\/\/www.baggerastro.dk\/index.php?rest_route=\/wp\/v2\/types\/page"}],"author":[{"embeddable":true,"href":"https:\/\/www.baggerastro.dk\/index.php?rest_route=\/wp\/v2\/users\/1"}],"replies":[{"embeddable":true,"href":"https:\/\/www.baggerastro.dk\/index.php?rest_route=%2Fwp%2Fv2%2Fcomments&post=516"}],"version-history":[{"count":23,"href":"https:\/\/www.baggerastro.dk\/index.php?rest_route=\/wp\/v2\/pages\/516\/revisions"}],"predecessor-version":[{"id":2474,"href":"https:\/\/www.baggerastro.dk\/index.php?rest_route=\/wp\/v2\/pages\/516\/revisions\/2474"}],"up":[{"embeddable":true,"href":"https:\/\/www.baggerastro.dk\/index.php?rest_route=\/wp\/v2\/pages\/10"}],"wp:attachment":[{"href":"https:\/\/www.baggerastro.dk\/index.php?rest_route=%2Fwp%2Fv2%2Fmedia&parent=516"}],"curies":[{"name":"wp","href":"https:\/\/api.w.org\/{rel}","templated":true}]}}