{"id":53,"date":"2013-02-09T19:46:00","date_gmt":"2013-02-09T19:46:00","guid":{"rendered":"http:\/\/astro.oz6bl.dk\/?page_id=53"},"modified":"2020-01-27T19:02:11","modified_gmt":"2020-01-27T18:02:11","slug":"tegninger-af-emmisionstager","status":"publish","type":"page","link":"https:\/\/www.baggerastro.dk\/?page_id=53","title":{"rendered":"Tegninger af emmisionst\u00e5ger"},"content":{"rendered":"<h2 align=\"left\"><span style=\"font-size: 16px;\">Nedenfor vises tegninger af emissionst\u00e5ger lavet med kikkerter fra 60 mm til 508&nbsp;mm. Hvis tegningen er lavet uden for Danmark, s\u00e5 er det n\u00e6vnt.<\/span><\/h2>\n<p align=\"left\">ngg_shortcode_0_placeholder<\/p>\n<p><!--webbot bot=\"PhotoAlbum\" i-checksum=\"27785\" endspan --><\/p>\n","protected":false},"excerpt":{"rendered":"<p>Nedenfor vises tegninger af emissionst\u00e5ger lavet med kikkerter fra 60 mm til 508&nbsp;mm. Hvis tegningen er lavet uden for Danmark, s\u00e5 er det n\u00e6vnt.<\/p>\n","protected":false},"author":1,"featured_media":0,"parent":7,"menu_order":3,"comment_status":"closed","ping_status":"open","template":"","meta":{"ngg_post_thumbnail":0,"footnotes":""},"class_list":["post-53","page","type-page","status-publish","hentry"],"_links":{"self":[{"href":"https:\/\/www.baggerastro.dk\/index.php?rest_route=\/wp\/v2\/pages\/53","targetHints":{"allow":["GET"]}}],"collection":[{"href":"https:\/\/www.baggerastro.dk\/index.php?rest_route=\/wp\/v2\/pages"}],"about":[{"href":"https:\/\/www.baggerastro.dk\/index.php?rest_route=\/wp\/v2\/types\/page"}],"author":[{"embeddable":true,"href":"https:\/\/www.baggerastro.dk\/index.php?rest_route=\/wp\/v2\/users\/1"}],"replies":[{"embeddable":true,"href":"https:\/\/www.baggerastro.dk\/index.php?rest_route=%2Fwp%2Fv2%2Fcomments&post=53"}],"version-history":[{"count":13,"href":"https:\/\/www.baggerastro.dk\/index.php?rest_route=\/wp\/v2\/pages\/53\/revisions"}],"predecessor-version":[{"id":2270,"href":"https:\/\/www.baggerastro.dk\/index.php?rest_route=\/wp\/v2\/pages\/53\/revisions\/2270"}],"up":[{"embeddable":true,"href":"https:\/\/www.baggerastro.dk\/index.php?rest_route=\/wp\/v2\/pages\/7"}],"wp:attachment":[{"href":"https:\/\/www.baggerastro.dk\/index.php?rest_route=%2Fwp%2Fv2%2Fmedia&parent=53"}],"curies":[{"name":"wp","href":"https:\/\/api.w.org\/{rel}","templated":true}]}}