{"id":61,"date":"2013-02-09T19:31:33","date_gmt":"2013-02-09T19:31:33","guid":{"rendered":"http:\/\/astro.oz6bl.dk\/?page_id=61"},"modified":"2020-01-29T19:41:18","modified_gmt":"2020-01-29T18:41:18","slug":"video-billeder-af-planeter","status":"publish","type":"page","link":"https:\/\/www.baggerastro.dk\/?page_id=61","title":{"rendered":"Video billeder af planeter"},"content":{"rendered":"<p>Billederne p\u00e5 denne side er alle taget med simple web-cameraer sat i okularudtr\u00e6kket p\u00e5 20&#8243; Obsessionen. Normalt er der taget 1000-1500 billeder i hver serie, som efterf\u00f8lgende er stakkkede i Registax og justerede i Photoshop.<\/p>\n<p>&nbsp;<\/p>\n<p><strong>Mars 2005<\/strong><\/p>\nngg_shortcode_0_placeholder\n<p>&nbsp;<\/p>\n<p><strong>Jupiter<\/strong>. Klip p\u00e5 hver dato for at se flere billeder.<\/p>\n<p><span style=\"font-size: 13px; line-height: 1.6em;\">ngg_shortcode_1_placeholder<\/span><\/p>\n<p>&nbsp;<\/p>\n<p><strong>Saturn<\/strong><\/p>\nngg_shortcode_2_placeholder\n<p>&nbsp;<\/p>\n<p><strong>M\u00e5nen<\/strong><\/p>\nngg_shortcode_3_placeholder\n<p>&nbsp;<\/p>\n<p>&nbsp;<\/p>\n","protected":false},"excerpt":{"rendered":"<p>Billederne p\u00e5 denne side er alle taget med simple web-cameraer sat i okularudtr\u00e6kket p\u00e5 20&#8243; Obsessionen. Normalt er der taget 1000-1500 billeder i hver serie, som efterf\u00f8lgende er stakkkede i Registax og justerede i Photoshop. &nbsp; Mars 2005 &nbsp; Jupiter. Klip p\u00e5 hver dato for at se flere billeder. &nbsp; \u2026 <a class=\"continue-reading-link\" href=\"https:\/\/www.baggerastro.dk\/?page_id=61\"> Continue reading <span class=\"meta-nav\">&rarr; <\/span><\/a><\/p>\n","protected":false},"author":1,"featured_media":0,"parent":9,"menu_order":0,"comment_status":"closed","ping_status":"closed","template":"","meta":{"ngg_post_thumbnail":0,"footnotes":""},"class_list":["post-61","page","type-page","status-publish","hentry"],"_links":{"self":[{"href":"https:\/\/www.baggerastro.dk\/index.php?rest_route=\/wp\/v2\/pages\/61","targetHints":{"allow":["GET"]}}],"collection":[{"href":"https:\/\/www.baggerastro.dk\/index.php?rest_route=\/wp\/v2\/pages"}],"about":[{"href":"https:\/\/www.baggerastro.dk\/index.php?rest_route=\/wp\/v2\/types\/page"}],"author":[{"embeddable":true,"href":"https:\/\/www.baggerastro.dk\/index.php?rest_route=\/wp\/v2\/users\/1"}],"replies":[{"embeddable":true,"href":"https:\/\/www.baggerastro.dk\/index.php?rest_route=%2Fwp%2Fv2%2Fcomments&post=61"}],"version-history":[{"count":11,"href":"https:\/\/www.baggerastro.dk\/index.php?rest_route=\/wp\/v2\/pages\/61\/revisions"}],"predecessor-version":[{"id":2401,"href":"https:\/\/www.baggerastro.dk\/index.php?rest_route=\/wp\/v2\/pages\/61\/revisions\/2401"}],"up":[{"embeddable":true,"href":"https:\/\/www.baggerastro.dk\/index.php?rest_route=\/wp\/v2\/pages\/9"}],"wp:attachment":[{"href":"https:\/\/www.baggerastro.dk\/index.php?rest_route=%2Fwp%2Fv2%2Fmedia&parent=61"}],"curies":[{"name":"wp","href":"https:\/\/api.w.org\/{rel}","templated":true}]}}