{"id":63,"date":"2013-02-09T19:45:59","date_gmt":"2013-02-09T19:45:59","guid":{"rendered":"http:\/\/astro.oz6bl.dk\/?page_id=63"},"modified":"2020-02-01T22:42:14","modified_gmt":"2020-02-01T21:42:14","slug":"mit-udstyr","status":"publish","type":"page","link":"https:\/\/www.baggerastro.dk\/?page_id=63","title":{"rendered":"Mit udstyr"},"content":{"rendered":"\n<div class=\"wp-block-group\"><div class=\"wp-block-group__inner-container is-layout-flow wp-block-group-is-layout-flow\">\n<h4 class=\"wp-block-heading\">Kikkerter igennem tiderne<\/h4>\n\n\n\n<p>&nbsp;<\/p>\n<table style=\"border-collapse: collapse; width: 100%; height: 461px;\">\n<tbody>\n<tr style=\"height: 143px;\">\n<td style=\"width: 24.2699%; height: 143px;\"><strong>Kikkert<\/strong><\/td>\n<td style=\"width: 4.30153%; height: 143px;\"><strong>Type<\/strong><\/td>\n<td style=\"width: 14.1173%; height: 143px;\"><strong>M\u00e6rke<\/strong><\/td>\n<td style=\"width: 14.4541%; height: 143px;\"><strong>Br\u00e6ndvidde, F-forhold<\/strong><\/td>\n<td style=\"width: 14.2857%; height: 143px;\"><strong>Benyttet<\/strong><\/td>\n<td style=\"width: 14.2857%; height: 143px;\">\n<p><strong>Gr\u00e6nsest\u00f8rrelses-<\/strong><\/p>\n<p><strong>klasse<\/strong><\/p>\n<\/td>\n<td style=\"width: 14.2857%; height: 143px;\">&nbsp;<\/td>\n<\/tr>\n<tr style=\"height: 43px;\">\n<td style=\"width: 24.2699%; height: 43px;\"><strong>60 mm<\/strong><\/td>\n<td style=\"width: 4.30153%; height: 43px;\">Refraktor<\/td>\n<td style=\"width: 14.1173%; height: 43px;\">Tor Deluxe<\/td>\n<td style=\"width: 14.4541%; height: 43px;\">910 mm, F\/10<\/td>\n<td style=\"width: 14.2857%; height: 43px;\">1977-2002<\/td>\n<td style=\"width: 14.2857%; height: 43px;\">12m0<\/td>\n<td style=\"width: 14.2857%; height: 43px;\">&nbsp;<\/td>\n<\/tr>\n<tr style=\"height: 43px;\">\n<td style=\"width: 24.2699%; height: 43px;\"><strong>150 mm<\/strong><\/td>\n<td style=\"width: 4.30153%; height: 43px;\">Cassegrain<\/td>\n<td style=\"width: 14.1173%; height: 43px;\">Mirador<\/td>\n<td style=\"width: 14.4541%; height: 43px;\">2800 mm, F\/18<\/td>\n<td style=\"width: 14.2857%; height: 43px;\">1978-80<\/td>\n<td style=\"width: 14.2857%; height: 43px;\">?<\/td>\n<td style=\"width: 14.2857%; height: 43px;\">&nbsp;<\/td>\n<\/tr>\n<tr style=\"height: 63px;\">\n<td style=\"width: 24.2699%; height: 63px;\"><strong>203 mm<\/strong><\/td>\n<td style=\"width: 4.30153%; height: 63px;\">Newton<\/td>\n<td style=\"width: 14.1173%; height: 63px;\">Lavet af Bj\u00f8rn F. J\u00f8rgensen<\/td>\n<td style=\"width: 14.4541%; height: 63px;\">1400 mm, F\/7<\/td>\n<td style=\"width: 14.2857%; height: 63px;\">1980-85<\/td>\n<td style=\"width: 14.2857%; height: 63px;\">14m6<\/td>\n<td style=\"width: 14.2857%; height: 63px;\">&nbsp;<\/td>\n<\/tr>\n<tr style=\"height: 83px;\">\n<td style=\"width: 24.2699%; height: 83px;\"><strong>333 mm<\/strong><\/td>\n<td style=\"width: 4.30153%; height: 83px;\">Dobsonian<\/td>\n<td style=\"width: 14.1173%; height: 83px;\">Hjemmelavet (ikke af mig selv) med Coulter spejl<\/td>\n<td style=\"width: 14.4541%; height: 83px;\">1500 mm, F\/4,5<\/td>\n<td style=\"width: 14.2857%; height: 83px;\">1984-2005<\/td>\n<td style=\"width: 14.2857%; height: 83px;\">15m5<\/td>\n<td style=\"width: 14.2857%; height: 83px;\">&nbsp;<\/td>\n<\/tr>\n<tr style=\"height: 43px;\">\n<td style=\"width: 24.2699%; height: 43px;\"><strong>508 mm<\/strong><\/td>\n<td style=\"width: 4.30153%; height: 43px;\">Dobsonian, Go-to<\/td>\n<td style=\"width: 14.1173%; height: 43px;\">Obsession, ServoCat<\/td>\n<td style=\"width: 14.4541%; height: 43px;\">2575 mm, F\/5<\/td>\n<td style=\"width: 14.2857%; height: 43px;\">2005- i dag<\/td>\n<td style=\"width: 14.2857%; height: 43px;\">16m8<\/td>\n<td style=\"width: 14.2857%; height: 43px;\">&nbsp;<\/td>\n<\/tr>\n<tr style=\"height: 43px;\">\n<td style=\"width: 24.2699%; height: 43px;\"><strong>279 mm<\/strong><\/td>\n<td style=\"width: 4.30153%; height: 43px;\">Schmidt-Cassegrain<\/td>\n<td style=\"width: 14.1173%; height: 43px;\">Celestron<\/td>\n<td style=\"width: 14.4541%; height: 43px;\">2790 mm, F\/10<\/td>\n<td style=\"width: 14.2857%; height: 43px;\">2006-i dag<\/td>\n<td style=\"width: 14.2857%; height: 43px;\">15m3<\/td>\n<td style=\"width: 14.2857%;\">&nbsp;<\/td>\n<\/tr>\n<\/tbody>\n<\/table>\n\n\n\n<p>&nbsp;<\/p>\n<p>ngg_shortcode_0_placeholder<strong>60 mm refraktor<\/strong> : dette var min allerf\u00f8rste kikkert, og en kikkert som jeg igennem \u00e5rene havde rigtig meget gl\u00e6de af. Selvom den ikke havde motorstyring, s\u00e5 havde den god optik og man er jo ikke s\u00e5 kr\u00e6sen som 16 \u00e5rig !<\/p>\n<p>Kikkerten kom ogs\u00e5 en lille smule ud i verden. Jeg havde den bl.a. som 20 \u00e5rig med til Schweitz i 1700 m&#8217;s h\u00f8jde, hvor jeg fik nogle dejlige m\u00f8rke n\u00e6tter, se billedet til h\u00f8jre.<\/p>\n<p>Over de n\u00e6ste par \u00e5r fik jeg lavet mere end 80 tegninger af Jupiter og jeg fik tr\u00e6net \u00f8jet til at skelne selv meget sm\u00e5 detaljer i en lille kikkert.&nbsp;<\/p>\n<p>&nbsp;<\/p>\n<p>ngg_shortcode_1_placeholder<strong>150 mm Cassegrain:<\/strong> Jeg vidste allerede tidligt at jeg ville have en st\u00f8rre astronomisk kikkert og dette blev s\u00e5 den f\u00f8rste. Uheldigvis var dens br\u00e6ndvidde p\u00e5 2,8 m og den kunne kun benytte de sm\u00e5 25,5 mm okularer. Derfor var det maksimale synsfelt med denne kikkert s\u00f8lle en halv grad.<\/p>\n<p>P\u00e5 tegningen til h\u00f8jre ses en gengivelse af kikkerten med dens 50 mm s\u00f8ger. Den kaldte jeg Casra (Cassegrain-refraktor). Denne lille kikkert fik jeg ogs\u00e5 lavet mange gode observationer med.<\/p>\n<p>Desv\u00e6rre tegnede kikkerten ikke ordentlig skarp fra starten, og jeg baksede med at f\u00e5 justeret det optiske Cassegrain-system. Dette lykkedes p\u00e5 samme tidspunkt som jeg fik tilbudt min n\u00e6ste kikkert :<\/p>\n<p>&nbsp;<\/p>\n<p>ngg_shortcode_2_placeholder<strong>203 mm Newton:<\/strong> Denne kikkert fik jeg tilbudt af Bj\u00f8rn Franch Jensen, som p\u00e5 det tidspunkt underviste i gymnasiet i Esbjerg. Sidenhen blev han direkt\u00f8r p\u00e5 Planetariet i K\u00f8benhavn. Billedet til h\u00f8jre er taget imens kikkerten stadig stod i Esbjerg, s\u00e5 de to sm\u00e5 kikkerter p\u00e5 siden fulgte ikke med. Desv\u00e6rre har jeg ikke noget billede af kikkerten i Birker\u00f8d.<\/p>\n<p>Denne kikkert kom til at definere min astronomiske karriere som ung og kom til at give mig mange, vidunderlige timer under stjernehimlen. Den var motorstyret, og jeg fik monteret min 60 mm oven p\u00e5 den som &#8220;s\u00f8gekikkert&#8221;. Samtidigt fik jeg bygget et lille observatorium, som kunne rulles v\u00e6k p\u00e5 skinner fra kikkerten n\u00e5r jeg skulle observere.<\/p>\n<p>Med sin relativt korte br\u00e6ndvidde p\u00e5 140 mm var den fin til deep-sky, men kunne med sin gode optik sagtens vise fine detaljer p\u00e5 alle planeterne.&nbsp;<\/p>\n<p>&nbsp;<\/p>\n<p>&nbsp;<\/p>\n<p>&nbsp;<\/p>\n<p>ngg_shortcode_3_placeholder<strong>333 mm Dobsinian:&nbsp; &nbsp;<\/strong>Efter mange \u00e5rs observationer havde jeg dog lyst til at kunne samle endnu mere lys ind, og da jeg fik en 333 mm Dobsonian tilbudt, s\u00e5 slog jeg til. Den var mekanisk meget primitiv, men den havde et fint spejl og viste svage ting.&nbsp;<\/p>\n<p>Denne kikkert blev k\u00f8bt lige imens jeg studerede til ingeni\u00f8r og boede p\u00e5 kollegium, 10 km v\u00e6k fra hvor alt mit astronomiske udstyr stod opstillet. Det bet\u00f8d ogs\u00e5, at jeg stoppede med at observere og solgte min gode 203 mm kikkert, faktisk tilbage til Bj\u00f8rn Frank J\u00f8rgensen !&nbsp; Efter dette stod mit lille observatorium tomt i mange \u00e5r indtil mine for\u00e6ldre bag min om at fjerne det, hvilket skete i 1994. Min dengang 3 \u00e5rige s\u00f8n Nicolai hjalp til med nedrivningen til p\u00e5 billedet til h\u00f8jre.<\/p>\n<p>Dobsonian-kikkerten beholdt jeg dog, og den kom mig s\u00e5 til gl\u00e6de, da jeg flyttede i hus og fik en fin, m\u00f8rk have at observere fra igen.<\/p>\n<p>&nbsp;<\/p>\n<p>&nbsp;<\/p>\n<p>ngg_shortcode_4_placeholder<strong>Min anden astronomiske karriere:<\/strong>&nbsp; &nbsp;Da min yngste s\u00f8n Benjamin i 2003 var 6 \u00e5r begyndte jeg at f\u00e5 overskud til at dyrke astronomien igen. Snart fik jeg ogs\u00e5 l\u00e6rt vigtigheden af at kollimere en Newton kikkert korrekt med laser-kollimator, og hvilken optisk forskel dette gjorde. Pludselig blev alt ting evigt skarpt og jeg kunne se virkelig svage objekter.<\/p>\n<p>Jeg forbedrede ogs\u00e5 kikkerter ved at k\u00f8be et nyt okularudtr\u00e6k til den og jeg fik optimere kikkerten p\u00e5 nogle kritiske, bev\u00e6gelsesm\u00e6ssige punkter, s\u00e5 jeg kunne skubbe kikkerten manuelt afsted ved op til 312X !&nbsp; Samtidig fik jeg monteret en optisk fin Newton kikkert p\u00e5 114 mm (fra Aldi!) p\u00e5 dens side, s\u00e5 jeg derved fik en s\u00f8gekikkert med 2,5 grader synsfelt, se billede til h\u00f8jre. Oven p\u00e5 denne havde jeg yderligere monteret en 6&#215;30 s\u00f8gekikkert, s\u00e5 alt i alt havde jeg herefter meget nemt ved at finde nye objekter.<\/p>\n<p>Jeg fortsatte med at bruge dette system intensivt i et par \u00e5r indtil jeg atter opgraderede kikkerten !<\/p>\n<p>ngg_shortcode_5_placeholder<strong>508mm Obsession:<\/strong>&nbsp; Imens jeg observerede intenst med min 333 mm Dobsonian begyndte jeg at dr\u00f8mme om at anskaffe mig mit livs kikkert.&nbsp; L\u00e6s n\u00e6rmere om de sp\u00e6ndende overvejelser og det endelig valg p\u00e5 <a href=\"https:\/\/www.baggerastro.dk\/?page_id=65\">denne side<\/a>.<\/p>\n<p>&nbsp;<\/p>\n<p>ngg_shortcode_6_placeholder<strong>279 mm Schmidt-Cassegrain<\/strong>: denne kikkert blev specielt anskaffet til observationer under den spanske himmel og er et pragtfuldt, optisk instrument at bruge. Den er samtidig en fin, mekaniske konstruktion, som tracker stjernerne smukt og har en meget fin go-to pr\u00e6cision.<\/p>\n<p>&nbsp;<\/p>\n<\/div><\/div>\n","protected":false},"excerpt":{"rendered":"<p>Kikkerter igennem tiderne &nbsp; Kikkert Type M\u00e6rke Br\u00e6ndvidde, F-forhold Benyttet Gr\u00e6nsest\u00f8rrelses- klasse &nbsp; 60 mm Refraktor Tor Deluxe 910 mm, F\/10 1977-2002 12m0 &nbsp; 150 mm Cassegrain Mirador 2800 mm, F\/18 1978-80 ? &nbsp; 203 mm Newton Lavet af Bj\u00f8rn F. J\u00f8rgensen 1400 mm, F\/7 1980-85 14m6 &nbsp; 333 mm \u2026 <a class=\"continue-reading-link\" href=\"https:\/\/www.baggerastro.dk\/?page_id=63\"> Continue reading <span class=\"meta-nav\">&rarr; <\/span><\/a><\/p>\n","protected":false},"author":1,"featured_media":0,"parent":10,"menu_order":2,"comment_status":"closed","ping_status":"open","template":"","meta":{"ngg_post_thumbnail":0,"footnotes":""},"class_list":["post-63","page","type-page","status-publish","hentry"],"_links":{"self":[{"href":"https:\/\/www.baggerastro.dk\/index.php?rest_route=\/wp\/v2\/pages\/63","targetHints":{"allow":["GET"]}}],"collection":[{"href":"https:\/\/www.baggerastro.dk\/index.php?rest_route=\/wp\/v2\/pages"}],"about":[{"href":"https:\/\/www.baggerastro.dk\/index.php?rest_route=\/wp\/v2\/types\/page"}],"author":[{"embeddable":true,"href":"https:\/\/www.baggerastro.dk\/index.php?rest_route=\/wp\/v2\/users\/1"}],"replies":[{"embeddable":true,"href":"https:\/\/www.baggerastro.dk\/index.php?rest_route=%2Fwp%2Fv2%2Fcomments&post=63"}],"version-history":[{"count":59,"href":"https:\/\/www.baggerastro.dk\/index.php?rest_route=\/wp\/v2\/pages\/63\/revisions"}],"predecessor-version":[{"id":2463,"href":"https:\/\/www.baggerastro.dk\/index.php?rest_route=\/wp\/v2\/pages\/63\/revisions\/2463"}],"up":[{"embeddable":true,"href":"https:\/\/www.baggerastro.dk\/index.php?rest_route=\/wp\/v2\/pages\/10"}],"wp:attachment":[{"href":"https:\/\/www.baggerastro.dk\/index.php?rest_route=%2Fwp%2Fv2%2Fmedia&parent=63"}],"curies":[{"name":"wp","href":"https:\/\/api.w.org\/{rel}","templated":true}]}}