{"id":66,"date":"2013-02-09T19:45:59","date_gmt":"2013-02-09T19:45:59","guid":{"rendered":"http:\/\/astro.oz6bl.dk\/?page_id=66"},"modified":"2013-10-10T17:39:29","modified_gmt":"2013-10-10T16:39:29","slug":"foredrag","status":"publish","type":"page","link":"https:\/\/www.baggerastro.dk\/?page_id=66","title":{"rendered":"Foredrag"},"content":{"rendered":"<p><b><span style=\"font-family: Verdana; font-size: large;\">Foredrag :<\/span><\/b><\/p>\n<p><b><span style=\"font-family: Verdana;\">KAF-m\u00f8de 2005-09-25 : <a href=\"\/wp-content\/uploads\/files\/En amator astronom genopdager astronomien.pps\">En amat\u00f8r-astronom genopdager astronomien<\/a>\u00a0(15 Mb)<\/span><\/b><\/p>\n<p><b><span style=\"font-family: Verdana;\">KAF-m\u00f8de 2007-04-19 : <a href=\"\/wp-content\/uploads\/files\/Observationer med en 20 tommer Obsession.pps\">En 20\u201d Obsession : en dr\u00f8mmekikkert ?<\/a>\u00a0(5,4 Mb)<\/span><\/b><\/p>\n<p><b><span style=\"font-family: Verdana;\">Stevnstr\u00e6f 2009-10-24 : <a href=\"\/wp-content\/uploads\/files\/Visuelle observationer, AFFS.pps\">Visuelle observationer<\/a>\u00a0(17,4 Mb)<\/span><\/b><\/p>\n<p><b><span style=\"font-family: Verdana;\">Astronomisk Forening\u00a0for Sydsj\u00e6lland 2009-11-09 : <a href=\"\/wp-content\/uploads\/files\/Visuelle observationer, AFFS.pps\">Visuelle observationer<\/a>\u00a0(5.1 Mb)<\/span><\/b><\/p>\n<p><strong><span style=\"font-family: verdana, geneva;\">Avn\u00f8-astronomitr\u00e6f 2013-10-05 : <a href=\"\/wp-content\/uploads\/files\/Hvor%20mange%20planetariske%20t\u00e5ger%20kan%20man%20se%20fra%20Danmark.pdf\">&#8220;Hvor mange planetariske t\u00e5ger kan man se fra Danmark ?&#8221;<\/a>, (2 Mb)<\/span><\/strong><\/p>\n","protected":false},"excerpt":{"rendered":"<p>Foredrag : KAF-m\u00f8de 2005-09-25 : En amat\u00f8r-astronom genopdager astronomien\u00a0(15 Mb) KAF-m\u00f8de 2007-04-19 : En 20\u201d Obsession : en dr\u00f8mmekikkert ?\u00a0(5,4 Mb) Stevnstr\u00e6f 2009-10-24 : Visuelle observationer\u00a0(17,4 Mb) Astronomisk Forening\u00a0for Sydsj\u00e6lland 2009-11-09 : Visuelle observationer\u00a0(5.1 Mb) Avn\u00f8-astronomitr\u00e6f 2013-10-05 : &#8220;Hvor mange planetariske t\u00e5ger kan man se fra Danmark ?&#8221;, (2 Mb)<\/p>\n","protected":false},"author":1,"featured_media":0,"parent":10,"menu_order":5,"comment_status":"closed","ping_status":"open","template":"","meta":{"ngg_post_thumbnail":0,"footnotes":""},"class_list":["post-66","page","type-page","status-publish","hentry"],"_links":{"self":[{"href":"https:\/\/www.baggerastro.dk\/index.php?rest_route=\/wp\/v2\/pages\/66","targetHints":{"allow":["GET"]}}],"collection":[{"href":"https:\/\/www.baggerastro.dk\/index.php?rest_route=\/wp\/v2\/pages"}],"about":[{"href":"https:\/\/www.baggerastro.dk\/index.php?rest_route=\/wp\/v2\/types\/page"}],"author":[{"embeddable":true,"href":"https:\/\/www.baggerastro.dk\/index.php?rest_route=\/wp\/v2\/users\/1"}],"replies":[{"embeddable":true,"href":"https:\/\/www.baggerastro.dk\/index.php?rest_route=%2Fwp%2Fv2%2Fcomments&post=66"}],"version-history":[{"count":10,"href":"https:\/\/www.baggerastro.dk\/index.php?rest_route=\/wp\/v2\/pages\/66\/revisions"}],"predecessor-version":[{"id":1315,"href":"https:\/\/www.baggerastro.dk\/index.php?rest_route=\/wp\/v2\/pages\/66\/revisions\/1315"}],"up":[{"embeddable":true,"href":"https:\/\/www.baggerastro.dk\/index.php?rest_route=\/wp\/v2\/pages\/10"}],"wp:attachment":[{"href":"https:\/\/www.baggerastro.dk\/index.php?rest_route=%2Fwp%2Fv2%2Fmedia&parent=66"}],"curies":[{"name":"wp","href":"https:\/\/api.w.org\/{rel}","templated":true}]}}