{"id":7,"date":"2013-02-07T21:40:56","date_gmt":"2013-02-07T21:40:56","guid":{"rendered":"http:\/\/astro.oz6bl.dk\/?page_id=7"},"modified":"2020-01-25T16:16:31","modified_gmt":"2020-01-25T15:16:31","slug":"deep-sky","status":"publish","type":"page","link":"https:\/\/www.baggerastro.dk\/?page_id=7","title":{"rendered":"Deep sky"},"content":{"rendered":"<h5><a href=\"http:\/\/www.baggerastro.dk\/?page_id=151\">Observationsbeskrivelse<\/a><\/h5>\n<p><span style=\"font-size: small; font-family: verdana, geneva;\">I det f\u00f8lgende finder du forskellige typer af lister, som jeg har lavet i l\u00f8bet af min &#8220;karriere&#8221; som amat\u00f8rastronom. Min tid som amat\u00f8rastronom kan deles i to, en som ung og en som etableret person. Allerf\u00f8rst finder du observationer og beskrivelser af 1000 astronomiske objekter, som er observeret da jeg var ung i en alder af 18 til 27. Beskrivelserne er lavet med optisk udstyr fra det blotte \u00f8je, hen over kikkerter p\u00e5 30 , 50, 60, 75, 80, 100, 114, 125, 150, 180, 203, 279, 333, 400 og endelig 508 mm. Hvis du er garvet amat\u00f8rastronom, s\u00e5 h\u00e5ber jeg du vil finde inspiration i nogle af de mange objektbeskrivelser.&nbsp;<\/span><\/p>\n<p><span style=\"font-size: small;\"><a href=\"https:\/\/www.baggerastro.dk\/?page_id=151\"><img loading=\"lazy\" decoding=\"async\" class=\"aligncenter size-medium wp-image-728\" src=\"\/wp-content\/uploads\/2013\/03\/_d_improd_\/_d_improd_\/_d_improd_\/_d_improd_\/_d_improd_\/_d_improd_\/_d_improd_\/Udklip-deep-sky-beskrivelser-300x164_f_improf_300x164_f_improf_300x164_f_improf_300x164_f_improf_300x164_f_improf_300x164_f_improf_300x164_f_improf_300x164.jpg\" alt=\"Udklip-deep sky beskrivelser\" width=\"300\" height=\"164\"><\/a><\/span><\/p>\n<p>Da jeg blev etableret med godt job og hus og have begyndte jeg at indskrive mine observationer i en database, som du ogs\u00e5 kan finde under disse observationsbeskrivelser.<\/p>\n<h5><a href=\"https:\/\/www.baggerastro.dk\/?page_id=1025\">Projekt : Hvor mange planetariske t\u00e5ger kan man se fra Danmark<\/a><\/h5>\n<p><span style=\"font-family: verdana, geneva; font-size: small;\">Projektet &#8220;Hvor mange planetariske t\u00e5ger kan man se fra Danmark startede i 2003. L\u00e6s om dette specielle projekt i Danmark, som er t\u00e6t p\u00e5 at v\u00e6re slut her i 2020.<\/span><\/p>\n<p>&nbsp;<\/p>\n<table style=\"width: 93.7931%;\" border=\"0\" align=\"left\">\n<tbody>\n<tr>\n<td style=\"width: 33.8362%; text-align: center;\"><a href=\"https:\/\/www.baggerastro.dk\/?page_id=53\"><strong><span style=\"font-size: medium;\">Tegninger af emissionst\u00e5ger<\/span><\/strong><\/a><\/td>\n<td style=\"width: 37.7155%; text-align: center;\"><a href=\"https:\/\/www.baggerastro.dk\/?page_id=55\"><strong>Tegninger af planetariske t\u00e5ger<\/strong><\/a><\/td>\n<td style=\"width: 43.5345%; text-align: center;\"><a href=\"https:\/\/www.baggerastro.dk\/?page_id=57\"><strong><span style=\"font-size: medium;\">Tegninger af galakser<\/span><\/strong><\/a><\/td>\n<\/tr>\n<tr>\n<td style=\"width: 33.8362%; text-align: center;\"><span style=\"font-size: small;\"><a href=\"https:\/\/www.baggerastro.dk\/?page_id=53\"><img loading=\"lazy\" decoding=\"async\" class=\"alignright  wp-image-729\" src=\"\/wp-content\/uploads\/2013\/03\/_d_improd_\/_d_improd_\/_d_improd_\/_d_improd_\/_d_improd_\/_d_improd_\/_d_improd_\/Udklip-emissionstaager-300x300_f_improf_250x250_f_improf_250x250_f_improf_250x250_f_improf_250x250_f_improf_250x250_f_improf_250x250_f_improf_148x148.jpg\" alt=\"Udklip-emissionstaager\" width=\"148\" height=\"148\"><\/a><\/span><\/td>\n<td style=\"width: 37.7155%; text-align: center;\"><a href=\"https:\/\/www.baggerastro.dk\/?page_id=55\"><img loading=\"lazy\" decoding=\"async\" class=\"alignright  wp-image-733\" src=\"\/wp-content\/uploads\/2013\/03\/_d_improd_\/_d_improd_\/_d_improd_\/_d_improd_\/_d_improd_\/_d_improd_\/_d_improd_\/Udklip-planetariske-taager-300x300_f_improf_250x250_f_improf_250x250_f_improf_250x250_f_improf_250x250_f_improf_250x250_f_improf_250x250_f_improf_149x149.jpg\" alt=\"Udklip-planetariske taager\" width=\"149\" height=\"149\"><\/a><\/td>\n<td style=\"width: 43.5345%; text-align: center;\"><a href=\"https:\/\/www.baggerastro.dk\/?page_id=57\"><img loading=\"lazy\" decoding=\"async\" class=\"alignright  wp-image-731\" src=\"\/wp-content\/uploads\/2013\/03\/_d_improd_\/_d_improd_\/_d_improd_\/_d_improd_\/_d_improd_\/_d_improd_\/_d_improd_\/Udklip-galakser-300x296_f_improf_250x247_f_improf_250x247_f_improf_250x247_f_improf_250x247_f_improf_250x247_f_improf_250x247_f_improf_147x144.jpg\" alt=\"Udklip-galakser\" width=\"147\" height=\"144\"><\/a><\/td>\n<\/tr>\n<\/tbody>\n<\/table>\n","protected":false},"excerpt":{"rendered":"<p>Observationsbeskrivelse I det f\u00f8lgende finder du forskellige typer af lister, som jeg har lavet i l\u00f8bet af min &#8220;karriere&#8221; som amat\u00f8rastronom. Min tid som amat\u00f8rastronom kan deles i to, en som ung og en som etableret person. Allerf\u00f8rst finder du observationer og beskrivelser af 1000 astronomiske objekter, som er observeret \u2026 <a class=\"continue-reading-link\" href=\"https:\/\/www.baggerastro.dk\/?page_id=7\"> Continue reading <span class=\"meta-nav\">&rarr; <\/span><\/a><\/p>\n","protected":false},"author":1,"featured_media":0,"parent":0,"menu_order":3,"comment_status":"closed","ping_status":"closed","template":"","meta":{"ngg_post_thumbnail":0,"footnotes":""},"class_list":["post-7","page","type-page","status-publish","hentry"],"_links":{"self":[{"href":"https:\/\/www.baggerastro.dk\/index.php?rest_route=\/wp\/v2\/pages\/7","targetHints":{"allow":["GET"]}}],"collection":[{"href":"https:\/\/www.baggerastro.dk\/index.php?rest_route=\/wp\/v2\/pages"}],"about":[{"href":"https:\/\/www.baggerastro.dk\/index.php?rest_route=\/wp\/v2\/types\/page"}],"author":[{"embeddable":true,"href":"https:\/\/www.baggerastro.dk\/index.php?rest_route=\/wp\/v2\/users\/1"}],"replies":[{"embeddable":true,"href":"https:\/\/www.baggerastro.dk\/index.php?rest_route=%2Fwp%2Fv2%2Fcomments&post=7"}],"version-history":[{"count":115,"href":"https:\/\/www.baggerastro.dk\/index.php?rest_route=\/wp\/v2\/pages\/7\/revisions"}],"predecessor-version":[{"id":2196,"href":"https:\/\/www.baggerastro.dk\/index.php?rest_route=\/wp\/v2\/pages\/7\/revisions\/2196"}],"wp:attachment":[{"href":"https:\/\/www.baggerastro.dk\/index.php?rest_route=%2Fwp%2Fv2%2Fmedia&parent=7"}],"curies":[{"name":"wp","href":"https:\/\/api.w.org\/{rel}","templated":true}]}}