{"id":9,"date":"2013-02-07T21:40:56","date_gmt":"2013-02-07T21:40:56","guid":{"rendered":"http:\/\/astro.oz6bl.dk\/?page_id=9"},"modified":"2020-01-29T18:11:27","modified_gmt":"2020-01-29T17:11:27","slug":"planeter","status":"publish","type":"page","link":"https:\/\/www.baggerastro.dk\/?page_id=9","title":{"rendered":"Planeter"},"content":{"rendered":"<p><span style=\"font-size: small;\">P\u00e5 denne side finder du en oversigt over, hvad der gemmer sig under &#8220;planeter&#8221;.<\/span><\/p>\n<h5><span style=\"font-size: small;\"><strong><a href=\"https:\/\/www.baggerastro.dk\/?page_id=58\">Observationer af planeter :<\/a><\/strong><\/span><\/h5>\n<p><span style=\"font-size: small;\">Her finder du en kort beskrivelse af, hvad man kan forvente at se visuelt p\u00e5 planeterne eller af deres m\u00e5ner. Der er ogs\u00e5 en introduktion til at lave tegninger af planeterne.<\/span><\/p>\n<h5><span style=\"font-size: small;\"><strong><a href=\"https:\/\/www.baggerastro.dk\/?page_id=59\">Tegninger af planeter :<\/a>&nbsp;&nbsp;<\/strong><\/span><\/h5>\n<p><span style=\"font-size: small;\">Med lidt \u00f8velse kan man faktisk hive en hel del detaljer ud af planeterne. Se hvordan planeterne Mars og Jupiter har set ud de forskellige \u00e5r.<\/span><\/p>\n<p><span style=\"font-size: small;\"><a href=\"https:\/\/www.baggerastro.dk\/?page_id=59\"><img loading=\"lazy\" decoding=\"async\" class=\"aligncenter size-medium wp-image-772\" src=\"\/wp-content\/uploads\/2013\/03\/_d_improd_\/_d_improd_\/Jupiter-drawing-4-218x300_f_improf_218x300_f_improf_218x300.jpg\" alt=\"Jupiter-drawing-4\" width=\"218\" height=\"300\"><\/a><\/span><\/p>\n<p><span style=\"font-size: small;\">&nbsp;<\/span><\/p>\n<h5><span style=\"font-size: small;\"><strong><a href=\"https:\/\/www.baggerastro.dk\/?page_id=61\">Videobilleder af solsystemet :<\/a>&nbsp;<\/strong><\/span><\/h5>\n<p><span style=\"font-size: small;\">Med enkle midler kan man fotografere klare objekter i vores solsystem og f\u00e5 billeder, der viser flere detaljer end man visuelt kan se.<\/span><\/p>\n<p><a style=\"color: #ff4b33; line-height: 21.111112594604492px; font-size: small;\" href=\"https:\/\/www.baggerastro.dk\/?page_id=61\"><img loading=\"lazy\" decoding=\"async\" class=\"alignright size-thumbnail wp-image-775\" src=\"\/wp-content\/uploads\/2013\/03\/_d_improd_\/_d_improd_\/Mars-in-Obsession-2005-11-1-150x150_f_improf_150x150_f_improf_150x150.jpg\" alt=\"Mars-in-Obsession-2005-11-1\" width=\"150\" height=\"150\"><\/a><\/p>\n<p><span style=\"font-size: small;\"><a href=\"https:\/\/www.baggerastro.dk\/?page_id=61\"><img loading=\"lazy\" decoding=\"async\" class=\"size-thumbnail wp-image-774 alignleft\" src=\"\/wp-content\/uploads\/2013\/03\/_d_improd_\/_d_improd_\/Jupiter-2013-02-22-2002-UT-2-150x150_f_improf_150x150_f_improf_150x150.jpg\" alt=\"Jupiter-2013-02-22-2002-UT-2\" width=\"150\" height=\"150\"><\/a><\/span><\/p>\n<p>&nbsp;<\/p>\n<p>&nbsp;<\/p>\n<p>&nbsp;<\/p>\n","protected":false},"excerpt":{"rendered":"<p>P\u00e5 denne side finder du en oversigt over, hvad der gemmer sig under &#8220;planeter&#8221;. Observationer af planeter : Her finder du en kort beskrivelse af, hvad man kan forvente at se visuelt p\u00e5 planeterne eller af deres m\u00e5ner. Der er ogs\u00e5 en introduktion til at lave tegninger af planeterne. Tegninger \u2026 <a class=\"continue-reading-link\" href=\"https:\/\/www.baggerastro.dk\/?page_id=9\"> Continue reading <span class=\"meta-nav\">&rarr; <\/span><\/a><\/p>\n","protected":false},"author":1,"featured_media":0,"parent":0,"menu_order":3,"comment_status":"closed","ping_status":"open","template":"","meta":{"ngg_post_thumbnail":0,"footnotes":""},"class_list":["post-9","page","type-page","status-publish","hentry"],"_links":{"self":[{"href":"https:\/\/www.baggerastro.dk\/index.php?rest_route=\/wp\/v2\/pages\/9","targetHints":{"allow":["GET"]}}],"collection":[{"href":"https:\/\/www.baggerastro.dk\/index.php?rest_route=\/wp\/v2\/pages"}],"about":[{"href":"https:\/\/www.baggerastro.dk\/index.php?rest_route=\/wp\/v2\/types\/page"}],"author":[{"embeddable":true,"href":"https:\/\/www.baggerastro.dk\/index.php?rest_route=\/wp\/v2\/users\/1"}],"replies":[{"embeddable":true,"href":"https:\/\/www.baggerastro.dk\/index.php?rest_route=%2Fwp%2Fv2%2Fcomments&post=9"}],"version-history":[{"count":65,"href":"https:\/\/www.baggerastro.dk\/index.php?rest_route=\/wp\/v2\/pages\/9\/revisions"}],"predecessor-version":[{"id":2374,"href":"https:\/\/www.baggerastro.dk\/index.php?rest_route=\/wp\/v2\/pages\/9\/revisions\/2374"}],"wp:attachment":[{"href":"https:\/\/www.baggerastro.dk\/index.php?rest_route=%2Fwp%2Fv2%2Fmedia&parent=9"}],"curies":[{"name":"wp","href":"https:\/\/api.w.org\/{rel}","templated":true}]}}