{"id":985,"date":"2013-05-22T21:56:56","date_gmt":"2013-05-22T20:56:56","guid":{"rendered":"http:\/\/astro.oz6bl.dk\/?page_id=985"},"modified":"2020-01-23T21:17:01","modified_gmt":"2020-01-23T20:17:01","slug":"observationsrad","status":"publish","type":"page","link":"https:\/\/www.baggerastro.dk\/?page_id=985","title":{"rendered":"Observationr\u00e5d"},"content":{"rendered":"\n<p>&nbsp;<\/p>\n<table style=\"border-collapse: collapse; width: 100%;\">\n<tbody>\n<tr>\n<td style=\"width: 50%;\">\n<h5><span style=\"color: #000080;\"><strong>Observationsr\u00e5d\/deep sky<\/strong><\/span><\/h5>\n<p><a href=\"https:\/\/www.baggerastro.dk\/?page_id=51\"><img loading=\"lazy\" decoding=\"async\" class=\"aligncenter\" src=\"\/wp-content\/uploads\/2013\/03\/_d_improd_\/_d_improd_\/_d_improd_\/_d_improd_\/_d_improd_\/_d_improd_\/_d_improd_\/Udklip-observationer-af-deep-sky-255x300_f_improf_214x252_f_improf_214x252_f_improf_214x252_f_improf_214x252_f_improf_214x252_f_improf_214x252_f_improf_214x252.jpg\" alt=\"Udklip-observationer af deep-sky\" width=\"214\" height=\"252\" data-mce-width=\"214\" data-mce-height=\"252\"><\/a><\/p>\n<p>&nbsp;<\/p>\n<\/td>\n<td style=\"width: 50%;\">\n<p>&nbsp;<\/p>\n<p><span style=\"font-family: verdana, geneva; font-size: small;\">Her finder du en beskrivelse af, &nbsp;hvad deep sky objekter er for st\u00f8rrelser, og hvordan man kan&nbsp;observere disse.&nbsp;I afsnittet finder r\u00e5d omkring valg af kikkert, okularer, stjernekort og du f\u00e5r en r\u00e6kke r\u00e5d til, hvordan du f\u00e5r mest ud af at o<\/span><span style=\"font-family: verdana, geneva;\">bservere og lave notater om dine observationer.&nbsp;Gl\u00e6d dig til at komme i gang med at kikke deep-sky.<\/span><\/p>\n<\/td>\n<\/tr>\n<tr>\n<td style=\"width: 50%;\">\n<h5><a href=\"https:\/\/www.baggerastro.dk\/?page_id=932\"><strong><span style=\"color: #000080;\">Lav dine egne deep-sky tegninger<\/span><\/strong><\/a><\/h5>\n<\/td>\n<td style=\"width: 50%;\">\n<p><span style=\"font-family: verdana, geneva; font-size: small;\">Dern\u00e6st finder du en beskrivelse af, hvordan du kan lave dine egne deep sky tegninger, fra simple skitser til avancerede tegninger.<\/span><\/p>\n<p><strong><span style=\"color: #000080;\"><a style=\"color: #000080;\" href=\"https:\/\/www.baggerastro.dk\/?page_id=932\"><img loading=\"lazy\" decoding=\"async\" style=\"font-size: 12px; width: 134px; height: 110px;\" src=\"\/wp-content\/uploads\/2013\/02\/_d_improd_\/_d_improd_\/_d_improd_\/_d_improd_\/_d_improd_\/_d_improd_\/_d_improd_\/image072_f_improf_134x110_f_improf_134x110_f_improf_134x110_f_improf_134x110_f_improf_134x110_f_improf_134x110_f_improf_134x110.jpg\" alt=\"\" width=\"134\" height=\"110\" data-mce-width=\"134\" data-mce-height=\"110\"><\/a><a href=\"https:\/\/www.baggerastro.dk\/?page_id=932\"><img loading=\"lazy\" decoding=\"async\" style=\"font-size: 12px; width: 119px; height: 84px;\" src=\"\/wp-content\/uploads\/2013\/02\/_d_improd_\/_d_improd_\/_d_improd_\/_d_improd_\/_d_improd_\/_d_improd_\/_d_improd_\/image002_f_improf_119x83_f_improf_119x83_f_improf_119x83_f_improf_119x83_f_improf_119x83_f_improf_119x83_f_improf_119x83.jpg\" alt=\"\" width=\"119\" height=\"83\" data-mce-width=\"119\" data-mce-height=\"84\"><\/a><\/span><\/strong><\/p>\n<\/td>\n<\/tr>\n<tr>\n<td style=\"width: 50%;\">\n<h5><a href=\"https:\/\/www.baggerastro.dk\/?page_id=58\"><strong><span style=\"color: #000080;\">Observationer af planeter<\/span><\/strong><\/a><\/h5>\n<\/td>\n<td style=\"width: 50%;\">\n<p>Her finder du en kort beskrivelse af, hvad man kan forvente at se visuelt p\u00e5 planeterne eller af deres m\u00e5ner. Der er ogs\u00e5 en introduktion til at lave tegninger af planeterne.<\/p>\n<\/td>\n<\/tr>\n<\/tbody>\n<\/table>\n<p>&nbsp;<\/p>\n<p>&nbsp;<\/p>\n<p>&nbsp;<\/p>\n<p>&nbsp;<\/p>\n<p>&nbsp;<\/p>\n<p>&nbsp;<\/p>\n","protected":false},"excerpt":{"rendered":"<p>&nbsp; Observationsr\u00e5d\/deep sky &nbsp; &nbsp; Her finder du en beskrivelse af, &nbsp;hvad deep sky objekter er for st\u00f8rrelser, og hvordan man kan&nbsp;observere disse.&nbsp;I afsnittet finder r\u00e5d omkring valg af kikkert, okularer, stjernekort og du f\u00e5r en r\u00e6kke r\u00e5d til, hvordan du f\u00e5r mest ud af at observere og lave notater \u2026 <a class=\"continue-reading-link\" href=\"https:\/\/www.baggerastro.dk\/?page_id=985\"> Continue reading <span class=\"meta-nav\">&rarr; <\/span><\/a><\/p>\n","protected":false},"author":1,"featured_media":0,"parent":0,"menu_order":2,"comment_status":"open","ping_status":"open","template":"","meta":{"ngg_post_thumbnail":0,"footnotes":""},"class_list":["post-985","page","type-page","status-publish","hentry"],"_links":{"self":[{"href":"https:\/\/www.baggerastro.dk\/index.php?rest_route=\/wp\/v2\/pages\/985","targetHints":{"allow":["GET"]}}],"collection":[{"href":"https:\/\/www.baggerastro.dk\/index.php?rest_route=\/wp\/v2\/pages"}],"about":[{"href":"https:\/\/www.baggerastro.dk\/index.php?rest_route=\/wp\/v2\/types\/page"}],"author":[{"embeddable":true,"href":"https:\/\/www.baggerastro.dk\/index.php?rest_route=\/wp\/v2\/users\/1"}],"replies":[{"embeddable":true,"href":"https:\/\/www.baggerastro.dk\/index.php?rest_route=%2Fwp%2Fv2%2Fcomments&post=985"}],"version-history":[{"count":44,"href":"https:\/\/www.baggerastro.dk\/index.php?rest_route=\/wp\/v2\/pages\/985\/revisions"}],"predecessor-version":[{"id":2175,"href":"https:\/\/www.baggerastro.dk\/index.php?rest_route=\/wp\/v2\/pages\/985\/revisions\/2175"}],"wp:attachment":[{"href":"https:\/\/www.baggerastro.dk\/index.php?rest_route=%2Fwp%2Fv2%2Fmedia&parent=985"}],"curies":[{"name":"wp","href":"https:\/\/api.w.org\/{rel}","templated":true}]}}